{"id":11487,"date":"2025-09-23T02:07:31","date_gmt":"2025-09-23T02:07:31","guid":{"rendered":"https:\/\/intlweloveu.org\/collection-use-of-personal-info\/"},"modified":"2025-09-23T02:29:27","modified_gmt":"2025-09-23T02:29:27","slug":"collection-use-of-personal-info","status":"publish","type":"page","link":"https:\/\/test.intlweloveu.org\/es\/collection-use-of-personal-info\/","title":{"rendered":"Gu\u00eda de Recopilaci\u00f3n y Uso de la Informaci\u00f3n Personal"},"content":{"rendered":"<p>\u25cb WeLoveU recopila la siguiente informaci\u00f3n personal cuando una persona firma el Compromiso<\/p>\n<ul class=\"wp-block-list\">\n<li>&#8211; \u00cdtemes obligatorios: Nombre, Pa\u00eds, Correo electr\u00f3nico, Firma (en caso de documento f\u00edsico)<\/li>\n<li>&#8211; \u00cdtemes opcionales: Ninguno<\/li>\n<li>&#8211; M\u00e9todo de recopilaci\u00f3n: Registro en l\u00ednea y fuera de l\u00ednea<\/li>\n<\/ul>\n<p>\u25cb Prop\u00f3sito de la Recopilaci\u00f3n y el Uso de Informaci\u00f3n Personal<\/p>\n<p>WeLoveU utiliza la informaci\u00f3n personal recolectada para los siguientes prop\u00f3sitos.<\/p>\n<figure class=\"wp-block-table\">\n<table class=\"has-fixed-layout\">\n<tbody>\n<tr>\n<th>Prop\u00f3sito de Uso<\/th>\n<th>\u00cdtemes a ser usados<\/th>\n<th>Conservaci\u00f3n \/ Per\u00edodo de Uso de la Informaci\u00f3n Personal<\/th>\n<\/tr>\n<tr>\n<td>Confirmaci\u00f3n del acuerdo para firmar el Compromiso, consulta e indicadores estad\u00edsticos.<\/td>\n<td>Nombre, Pa\u00eds, Correo electr\u00f3nico, Firma (en caso de documento f\u00edsico)<\/td>\n<td>Dentro de 36 meses a partir de la fecha en que se logre el prop\u00f3sito del uso<\/td>\n<\/tr>\n<tr>\n<td>Verificaci\u00f3n de los resultados de registro para la presentaci\u00f3n de informes a las agencias internacionales.<\/td>\n<td>Nombre, Pa\u00eds, Correo electr\u00f3nico, Firma (en caso de documento f\u00edsico)<\/td>\n<td>Dentro de 36 meses a partir de la fecha en que se logre el prop\u00f3sito del uso<\/td>\n<\/tr>\n<tr>\n<td>Verificaci\u00f3n de los resultados de registro para solicitar un posible r\u00e9cord mundial Guinness.<\/td>\n<td>Nombre, Pa\u00eds, Correo electr\u00f3nico, Firma (en caso de documento f\u00edsico)<\/td>\n<td>Dentro de 36 meses a partir de la fecha en que se logre el prop\u00f3sito del uso<\/td>\n<\/tr>\n<\/tbody>\n<\/table>\n<\/figure>\n<p>\u25cb Asuntos relacionados con la divulgaci\u00f3n de informaci\u00f3n personal a terceros.<\/p>\n<p>WeLoveU proporciona informaci\u00f3n personal a terceros de la siguiente manera.<\/p>\n<figure class=\"wp-block-table\">\n<table class=\"has-fixed-layout\">\n<tbody>\n<tr>\n<th>Terceros Interesados<\/th>\n<th>Prop\u00f3sito de la divulgaci\u00f3n<\/th>\n<th>Elementos divulgados<\/th>\n<th>Conservaci\u00f3n \/ Per\u00edodo de Uso de la Informaci\u00f3n Personal<\/th>\n<\/tr>\n<tr>\n<td>United Nations Department of Global Communications (UN DGC)<\/td>\n<td>Confirmaci\u00f3n del n\u00famero de participantes que han firmado el Compromiso e indicadores estad\u00edsticos<\/td>\n<td>Nombre, Pa\u00eds, Correo electr\u00f3nico, Firma (en caso de documento f\u00edsico)<\/td>\n<td>Dentro de 36 meses a partir de la fecha en que se logre el prop\u00f3sito del uso<\/td>\n<\/tr>\n<tr>\n<td>Instituto de Registro de Corea (IRC)<\/td>\n<td>Confirmaci\u00f3n del n\u00famero de participantes que han firmado el Compromiso e indicadores estad\u00edsticos<\/td>\n<td>Nombre, Pa\u00eds, Correo electr\u00f3nico, Firma (en caso de documento f\u00edsico)<\/td>\n<td>Dentro de 36 meses a partir de la fecha en que se logre el prop\u00f3sito del uso<\/td>\n<\/tr>\n<\/tbody>\n<\/table>\n<\/figure>\n<p>\u25cb La informaci\u00f3n personal recolectada no se utiliza para otros prop\u00f3sitos excepto el ya establecido.<\/p>\n<p>\u25cb Tiene derecho a rechazar el acuerdo sobre la recopilaci\u00f3n y el uso de informaci\u00f3n personal. Si lo rechaza, no tiene permitido firmar el compromiso.<\/p>\n","protected":false},"excerpt":{"rendered":"La Fundaci\u00f3n Internacional WeLoveU (en lo sucesivo \u00abWeLoveU\u00bb) proporciona la gu\u00eda de recopilaci\u00f3n y uso de la informaci\u00f3n personal como sigue.","protected":false},"author":2,"featured_media":0,"parent":0,"menu_order":0,"comment_status":"closed","ping_status":"closed","template":"","meta":{"footnotes":""},"class_list":["post-11487","page","type-page","status-publish","hentry"],"yoast_head":"<!-- This site is optimized with the Yoast SEO plugin v26.6 - https:\/\/yoast.com\/wordpress\/plugins\/seo\/ -->\n<title>Gu\u00eda de Recopilaci\u00f3n y Uso de la Informaci\u00f3n Personal - Fundaci\u00f3n Internacional WeLoveU<\/title>\n<meta name=\"robots\" content=\"index, follow, max-snippet:-1, max-image-preview:large, max-video-preview:-1\" \/>\n<link rel=\"canonical\" href=\"https:\/\/test.intlweloveu.org\/es\/collection-use-of-personal-info\/\" \/>\n<meta property=\"og:locale\" content=\"es_ES\" \/>\n<meta property=\"og:type\" content=\"article\" \/>\n<meta property=\"og:title\" content=\"Gu\u00eda de Recopilaci\u00f3n y Uso de la Informaci\u00f3n Personal - Fundaci\u00f3n Internacional WeLoveU\" \/>\n<meta property=\"og:description\" content=\"La Fundaci\u00f3n Internacional WeLoveU (en lo sucesivo &quot;WeLoveU&quot;) proporciona la gu\u00eda de recopilaci\u00f3n y uso de la informaci\u00f3n personal como sigue.\" \/>\n<meta property=\"og:url\" content=\"https:\/\/test.intlweloveu.org\/es\/collection-use-of-personal-info\/\" \/>\n<meta property=\"og:site_name\" content=\"Fundaci\u00f3n Internacional WeLoveU\" \/>\n<meta property=\"article:modified_time\" content=\"2025-09-23T02:29:27+00:00\" \/>\n<meta name=\"twitter:card\" content=\"summary_large_image\" \/>\n<meta name=\"twitter:label1\" content=\"Tiempo de lectura\" \/>\n\t<meta name=\"twitter:data1\" content=\"2 minutos\" \/>\n<script type=\"application\/ld+json\" class=\"yoast-schema-graph\">{\"@context\":\"https:\/\/schema.org\",\"@graph\":[{\"@type\":\"WebPage\",\"@id\":\"https:\/\/test.intlweloveu.org\/es\/collection-use-of-personal-info\/\",\"url\":\"https:\/\/test.intlweloveu.org\/es\/collection-use-of-personal-info\/\",\"name\":\"Gu\u00eda de Recopilaci\u00f3n y Uso de la Informaci\u00f3n Personal - Fundaci\u00f3n Internacional WeLoveU\",\"isPartOf\":{\"@id\":\"https:\/\/test.intlweloveu.org\/ko\/#website\"},\"datePublished\":\"2025-09-23T02:07:31+00:00\",\"dateModified\":\"2025-09-23T02:29:27+00:00\",\"breadcrumb\":{\"@id\":\"https:\/\/test.intlweloveu.org\/es\/collection-use-of-personal-info\/#breadcrumb\"},\"inLanguage\":\"es\",\"potentialAction\":[{\"@type\":\"ReadAction\",\"target\":[\"https:\/\/test.intlweloveu.org\/es\/collection-use-of-personal-info\/\"]}]},{\"@type\":\"BreadcrumbList\",\"@id\":\"https:\/\/test.intlweloveu.org\/es\/collection-use-of-personal-info\/#breadcrumb\",\"itemListElement\":[{\"@type\":\"ListItem\",\"position\":1,\"name\":\"\ud648\",\"item\":\"https:\/\/test.intlweloveu.org\/es\/\"},{\"@type\":\"ListItem\",\"position\":2,\"name\":\"Gu\u00eda de Recopilaci\u00f3n y Uso de la Informaci\u00f3n Personal\"}]},{\"@type\":\"WebSite\",\"@id\":\"https:\/\/test.intlweloveu.org\/ko\/#website\",\"url\":\"https:\/\/test.intlweloveu.org\/ko\/\",\"name\":\"Fundaci\u00f3n Internacional WeLoveU\",\"description\":\"El Amor de la Madre al Mundo Entero\",\"potentialAction\":[{\"@type\":\"SearchAction\",\"target\":{\"@type\":\"EntryPoint\",\"urlTemplate\":\"https:\/\/test.intlweloveu.org\/ko\/?s={search_term_string}\"},\"query-input\":{\"@type\":\"PropertyValueSpecification\",\"valueRequired\":true,\"valueName\":\"search_term_string\"}}],\"inLanguage\":\"es\"}]}<\/script>\n<!-- \/ Yoast SEO plugin. -->","yoast_head_json":{"title":"Gu\u00eda de Recopilaci\u00f3n y Uso de la Informaci\u00f3n Personal - Fundaci\u00f3n Internacional WeLoveU","robots":{"index":"index","follow":"follow","max-snippet":"max-snippet:-1","max-image-preview":"max-image-preview:large","max-video-preview":"max-video-preview:-1"},"canonical":"https:\/\/test.intlweloveu.org\/es\/collection-use-of-personal-info\/","og_locale":"es_ES","og_type":"article","og_title":"Gu\u00eda de Recopilaci\u00f3n y Uso de la Informaci\u00f3n Personal - Fundaci\u00f3n Internacional WeLoveU","og_description":"La Fundaci\u00f3n Internacional WeLoveU (en lo sucesivo \"WeLoveU\") proporciona la gu\u00eda de recopilaci\u00f3n y uso de la informaci\u00f3n personal como sigue.","og_url":"https:\/\/test.intlweloveu.org\/es\/collection-use-of-personal-info\/","og_site_name":"Fundaci\u00f3n Internacional WeLoveU","article_modified_time":"2025-09-23T02:29:27+00:00","twitter_card":"summary_large_image","twitter_misc":{"Tiempo de lectura":"2 minutos"},"schema":{"@context":"https:\/\/schema.org","@graph":[{"@type":"WebPage","@id":"https:\/\/test.intlweloveu.org\/es\/collection-use-of-personal-info\/","url":"https:\/\/test.intlweloveu.org\/es\/collection-use-of-personal-info\/","name":"Gu\u00eda de Recopilaci\u00f3n y Uso de la Informaci\u00f3n Personal - Fundaci\u00f3n Internacional WeLoveU","isPartOf":{"@id":"https:\/\/test.intlweloveu.org\/ko\/#website"},"datePublished":"2025-09-23T02:07:31+00:00","dateModified":"2025-09-23T02:29:27+00:00","breadcrumb":{"@id":"https:\/\/test.intlweloveu.org\/es\/collection-use-of-personal-info\/#breadcrumb"},"inLanguage":"es","potentialAction":[{"@type":"ReadAction","target":["https:\/\/test.intlweloveu.org\/es\/collection-use-of-personal-info\/"]}]},{"@type":"BreadcrumbList","@id":"https:\/\/test.intlweloveu.org\/es\/collection-use-of-personal-info\/#breadcrumb","itemListElement":[{"@type":"ListItem","position":1,"name":"\ud648","item":"https:\/\/test.intlweloveu.org\/es\/"},{"@type":"ListItem","position":2,"name":"Gu\u00eda de Recopilaci\u00f3n y Uso de la Informaci\u00f3n Personal"}]},{"@type":"WebSite","@id":"https:\/\/test.intlweloveu.org\/ko\/#website","url":"https:\/\/test.intlweloveu.org\/ko\/","name":"Fundaci\u00f3n Internacional WeLoveU","description":"El Amor de la Madre al Mundo Entero","potentialAction":[{"@type":"SearchAction","target":{"@type":"EntryPoint","urlTemplate":"https:\/\/test.intlweloveu.org\/ko\/?s={search_term_string}"},"query-input":{"@type":"PropertyValueSpecification","valueRequired":true,"valueName":"search_term_string"}}],"inLanguage":"es"}]}},"_links":{"self":[{"href":"https:\/\/test.intlweloveu.org\/es\/wp-json\/wp\/v2\/pages\/11487","targetHints":{"allow":["GET"]}}],"collection":[{"href":"https:\/\/test.intlweloveu.org\/es\/wp-json\/wp\/v2\/pages"}],"about":[{"href":"https:\/\/test.intlweloveu.org\/es\/wp-json\/wp\/v2\/types\/page"}],"author":[{"embeddable":true,"href":"https:\/\/test.intlweloveu.org\/es\/wp-json\/wp\/v2\/users\/2"}],"replies":[{"embeddable":true,"href":"https:\/\/test.intlweloveu.org\/es\/wp-json\/wp\/v2\/comments?post=11487"}],"version-history":[{"count":5,"href":"https:\/\/test.intlweloveu.org\/es\/wp-json\/wp\/v2\/pages\/11487\/revisions"}],"predecessor-version":[{"id":11500,"href":"https:\/\/test.intlweloveu.org\/es\/wp-json\/wp\/v2\/pages\/11487\/revisions\/11500"}],"wp:attachment":[{"href":"https:\/\/test.intlweloveu.org\/es\/wp-json\/wp\/v2\/media?parent=11487"}],"curies":[{"name":"wp","href":"https:\/\/api.w.org\/{rel}","templated":true}]}}