{"id":7710,"date":"2025-09-15T07:48:14","date_gmt":"2025-09-15T07:48:14","guid":{"rendered":"https:\/\/intlweloveu.org\/saving-lives-signup\/"},"modified":"2025-11-07T00:20:19","modified_gmt":"2025-11-07T00:20:19","slug":"saving-lives-signup","status":"publish","type":"page","link":"https:\/\/test.intlweloveu.org\/es\/saving-lives-signup\/","title":{"rendered":"Movimiento de Firmas para Salvar la Vida"},"content":{"rendered":"<h2 class=\"wp-block-heading has-text-align-left title fw-600\">Compromiso de Apoyo a la Campa\u00f1ade Donaci\u00f3n de Sangre en Todo el Mundode Esfuerzos Sostenibles para Salvar Vidas<\/h2>\n<p>Salvar vidas es la misi\u00f3n m\u00e1s urgente y cr\u00edtica en la que todos nosotros debemos unir fuerzas y actuar en unidad. Para tomar acciones conjuntas de esfuerzos sostenibles para salvar vidas con el fin de salvar a las personas cuyas vidas est\u00e1n en peligro debido a la escasez de sangre, y para aumentar la conciencia de las personas sobre el valor de la vida, y contribuir as\u00ed a construir un futuro m\u00e1s brillante para todos, por la presente me comprometo a lo siguiente:<\/p>\n<ul class=\"wp-block-list dash\">\n<li><strong>Uno,<\/strong>\u00a0me comprometo a ser un ciudadano responsable que valora la vida y participa en la donaci\u00f3n de sangre.<\/li>\n<li><strong>Uno,<\/strong>\u00a0me comprometo a participar en la Campa\u00f1a de Donaci\u00f3n de Sangre en Todo el Mundo (donaci\u00f3n de sangre completa o por af\u00e9resis) al menos una vez al a\u00f1o y, por ende, contribuir a la promoci\u00f3n de la donaci\u00f3n de sangre voluntaria y no remunerada (VNRBD, por su siglas en ingl\u00e9s).<\/li>\n<li><strong>Uno,<\/strong>\u00a0me comprometo a promover activamente la importancia y la necesidad de la donaci\u00f3n de sangre a nivel regional y global, y tambi\u00e9n a cooperar en el establecimiento de una red global para salvar vidas.<\/li>\n<\/ul>\n<p>Por consiguiente, por la presente me comprometo a participar en la Campa\u00f1a de Donaci\u00f3n de Sangre en Todo el Mundo puesta en marcha por la Fundaci\u00f3n Internacional WeLoveU.<\/p>\n<p class=\"info\">** El Movimiento de Firmas para Salvar la Vida actualmente se est\u00e1 realizando en 51 pa\u00edses de todo el mundo (Corea, EE. UU., Reino Unido, Italia, Jap\u00f3n, Nueva Zelanda, Australia, Nepal, Per\u00fa, Brasil, Laos, Malasia, Vietnam, Espa\u00f1a, Argentina, etc.)<\/p>\n","protected":false},"excerpt":{"rendered":"Acciones a tomar de esfuerzos sostenibles para salvar vidas","protected":false},"author":2,"featured_media":36906,"parent":0,"menu_order":0,"comment_status":"closed","ping_status":"closed","template":"","meta":{"footnotes":""},"class_list":["post-7710","page","type-page","status-publish","has-post-thumbnail","hentry"],"yoast_head":"<!-- This site is optimized with the Yoast SEO plugin v26.6 - https:\/\/yoast.com\/wordpress\/plugins\/seo\/ -->\n<title>Movimiento de Firmas para Salvar la Vida - Fundaci\u00f3n Internacional WeLoveU<\/title>\n<meta name=\"robots\" content=\"index, follow, max-snippet:-1, max-image-preview:large, max-video-preview:-1\" \/>\n<link rel=\"canonical\" href=\"https:\/\/test.intlweloveu.org\/es\/saving-lives-signup\/\" \/>\n<meta property=\"og:locale\" content=\"es_ES\" \/>\n<meta property=\"og:type\" content=\"article\" \/>\n<meta property=\"og:title\" content=\"Movimiento de Firmas para Salvar la Vida - Fundaci\u00f3n Internacional WeLoveU\" \/>\n<meta property=\"og:description\" content=\"Acciones a tomar de esfuerzos sostenibles para salvar vidas\" \/>\n<meta property=\"og:url\" content=\"https:\/\/test.intlweloveu.org\/es\/saving-lives-signup\/\" \/>\n<meta property=\"og:site_name\" content=\"Fundaci\u00f3n Internacional WeLoveU\" \/>\n<meta property=\"article:modified_time\" content=\"2025-11-07T00:20:19+00:00\" \/>\n<meta property=\"og:image\" content=\"https:\/\/test.intlweloveu.org\/wp-content\/uploads\/2025\/11\/thum_sign_up_for_saving_lives.jpg\" \/>\n\t<meta property=\"og:image:width\" content=\"1200\" \/>\n\t<meta property=\"og:image:height\" content=\"630\" \/>\n\t<meta property=\"og:image:type\" content=\"image\/jpeg\" \/>\n<meta name=\"twitter:card\" content=\"summary_large_image\" \/>\n<meta name=\"twitter:label1\" content=\"Tiempo de lectura\" \/>\n\t<meta name=\"twitter:data1\" content=\"2 minutos\" \/>\n<script type=\"application\/ld+json\" class=\"yoast-schema-graph\">{\"@context\":\"https:\/\/schema.org\",\"@graph\":[{\"@type\":\"WebPage\",\"@id\":\"https:\/\/test.intlweloveu.org\/es\/saving-lives-signup\/\",\"url\":\"https:\/\/test.intlweloveu.org\/es\/saving-lives-signup\/\",\"name\":\"Movimiento de Firmas para Salvar la Vida - Fundaci\u00f3n Internacional WeLoveU\",\"isPartOf\":{\"@id\":\"https:\/\/test.intlweloveu.org\/ko\/#website\"},\"primaryImageOfPage\":{\"@id\":\"https:\/\/test.intlweloveu.org\/es\/saving-lives-signup\/#primaryimage\"},\"image\":{\"@id\":\"https:\/\/test.intlweloveu.org\/es\/saving-lives-signup\/#primaryimage\"},\"thumbnailUrl\":\"https:\/\/test.intlweloveu.org\/wp-content\/uploads\/2025\/11\/thum_sign_up_for_saving_lives.jpg\",\"datePublished\":\"2025-09-15T07:48:14+00:00\",\"dateModified\":\"2025-11-07T00:20:19+00:00\",\"breadcrumb\":{\"@id\":\"https:\/\/test.intlweloveu.org\/es\/saving-lives-signup\/#breadcrumb\"},\"inLanguage\":\"es\",\"potentialAction\":[{\"@type\":\"ReadAction\",\"target\":[\"https:\/\/test.intlweloveu.org\/es\/saving-lives-signup\/\"]}]},{\"@type\":\"ImageObject\",\"inLanguage\":\"es\",\"@id\":\"https:\/\/test.intlweloveu.org\/es\/saving-lives-signup\/#primaryimage\",\"url\":\"https:\/\/test.intlweloveu.org\/wp-content\/uploads\/2025\/11\/thum_sign_up_for_saving_lives.jpg\",\"contentUrl\":\"https:\/\/test.intlweloveu.org\/wp-content\/uploads\/2025\/11\/thum_sign_up_for_saving_lives.jpg\",\"width\":1200,\"height\":630},{\"@type\":\"BreadcrumbList\",\"@id\":\"https:\/\/test.intlweloveu.org\/es\/saving-lives-signup\/#breadcrumb\",\"itemListElement\":[{\"@type\":\"ListItem\",\"position\":1,\"name\":\"\ud648\",\"item\":\"https:\/\/test.intlweloveu.org\/es\/\"},{\"@type\":\"ListItem\",\"position\":2,\"name\":\"Movimiento de Firmas para Salvar la Vida\"}]},{\"@type\":\"WebSite\",\"@id\":\"https:\/\/test.intlweloveu.org\/ko\/#website\",\"url\":\"https:\/\/test.intlweloveu.org\/ko\/\",\"name\":\"Fundaci\u00f3n Internacional WeLoveU\",\"description\":\"El Amor de la Madre al Mundo Entero\",\"potentialAction\":[{\"@type\":\"SearchAction\",\"target\":{\"@type\":\"EntryPoint\",\"urlTemplate\":\"https:\/\/test.intlweloveu.org\/ko\/?s={search_term_string}\"},\"query-input\":{\"@type\":\"PropertyValueSpecification\",\"valueRequired\":true,\"valueName\":\"search_term_string\"}}],\"inLanguage\":\"es\"}]}<\/script>\n<!-- \/ Yoast SEO plugin. -->","yoast_head_json":{"title":"Movimiento de Firmas para Salvar la Vida - Fundaci\u00f3n Internacional WeLoveU","robots":{"index":"index","follow":"follow","max-snippet":"max-snippet:-1","max-image-preview":"max-image-preview:large","max-video-preview":"max-video-preview:-1"},"canonical":"https:\/\/test.intlweloveu.org\/es\/saving-lives-signup\/","og_locale":"es_ES","og_type":"article","og_title":"Movimiento de Firmas para Salvar la Vida - Fundaci\u00f3n Internacional WeLoveU","og_description":"Acciones a tomar de esfuerzos sostenibles para salvar vidas","og_url":"https:\/\/test.intlweloveu.org\/es\/saving-lives-signup\/","og_site_name":"Fundaci\u00f3n Internacional WeLoveU","article_modified_time":"2025-11-07T00:20:19+00:00","og_image":[{"width":1200,"height":630,"url":"https:\/\/test.intlweloveu.org\/wp-content\/uploads\/2025\/11\/thum_sign_up_for_saving_lives.jpg","type":"image\/jpeg"}],"twitter_card":"summary_large_image","twitter_misc":{"Tiempo de lectura":"2 minutos"},"schema":{"@context":"https:\/\/schema.org","@graph":[{"@type":"WebPage","@id":"https:\/\/test.intlweloveu.org\/es\/saving-lives-signup\/","url":"https:\/\/test.intlweloveu.org\/es\/saving-lives-signup\/","name":"Movimiento de Firmas para Salvar la Vida - Fundaci\u00f3n Internacional WeLoveU","isPartOf":{"@id":"https:\/\/test.intlweloveu.org\/ko\/#website"},"primaryImageOfPage":{"@id":"https:\/\/test.intlweloveu.org\/es\/saving-lives-signup\/#primaryimage"},"image":{"@id":"https:\/\/test.intlweloveu.org\/es\/saving-lives-signup\/#primaryimage"},"thumbnailUrl":"https:\/\/test.intlweloveu.org\/wp-content\/uploads\/2025\/11\/thum_sign_up_for_saving_lives.jpg","datePublished":"2025-09-15T07:48:14+00:00","dateModified":"2025-11-07T00:20:19+00:00","breadcrumb":{"@id":"https:\/\/test.intlweloveu.org\/es\/saving-lives-signup\/#breadcrumb"},"inLanguage":"es","potentialAction":[{"@type":"ReadAction","target":["https:\/\/test.intlweloveu.org\/es\/saving-lives-signup\/"]}]},{"@type":"ImageObject","inLanguage":"es","@id":"https:\/\/test.intlweloveu.org\/es\/saving-lives-signup\/#primaryimage","url":"https:\/\/test.intlweloveu.org\/wp-content\/uploads\/2025\/11\/thum_sign_up_for_saving_lives.jpg","contentUrl":"https:\/\/test.intlweloveu.org\/wp-content\/uploads\/2025\/11\/thum_sign_up_for_saving_lives.jpg","width":1200,"height":630},{"@type":"BreadcrumbList","@id":"https:\/\/test.intlweloveu.org\/es\/saving-lives-signup\/#breadcrumb","itemListElement":[{"@type":"ListItem","position":1,"name":"\ud648","item":"https:\/\/test.intlweloveu.org\/es\/"},{"@type":"ListItem","position":2,"name":"Movimiento de Firmas para Salvar la Vida"}]},{"@type":"WebSite","@id":"https:\/\/test.intlweloveu.org\/ko\/#website","url":"https:\/\/test.intlweloveu.org\/ko\/","name":"Fundaci\u00f3n Internacional WeLoveU","description":"El Amor de la Madre al Mundo Entero","potentialAction":[{"@type":"SearchAction","target":{"@type":"EntryPoint","urlTemplate":"https:\/\/test.intlweloveu.org\/ko\/?s={search_term_string}"},"query-input":{"@type":"PropertyValueSpecification","valueRequired":true,"valueName":"search_term_string"}}],"inLanguage":"es"}]}},"_links":{"self":[{"href":"https:\/\/test.intlweloveu.org\/es\/wp-json\/wp\/v2\/pages\/7710","targetHints":{"allow":["GET"]}}],"collection":[{"href":"https:\/\/test.intlweloveu.org\/es\/wp-json\/wp\/v2\/pages"}],"about":[{"href":"https:\/\/test.intlweloveu.org\/es\/wp-json\/wp\/v2\/types\/page"}],"author":[{"embeddable":true,"href":"https:\/\/test.intlweloveu.org\/es\/wp-json\/wp\/v2\/users\/2"}],"replies":[{"embeddable":true,"href":"https:\/\/test.intlweloveu.org\/es\/wp-json\/wp\/v2\/comments?post=7710"}],"version-history":[{"count":5,"href":"https:\/\/test.intlweloveu.org\/es\/wp-json\/wp\/v2\/pages\/7710\/revisions"}],"predecessor-version":[{"id":36902,"href":"https:\/\/test.intlweloveu.org\/es\/wp-json\/wp\/v2\/pages\/7710\/revisions\/36902"}],"wp:featuredmedia":[{"embeddable":true,"href":"https:\/\/test.intlweloveu.org\/es\/wp-json\/wp\/v2\/media\/36906"}],"wp:attachment":[{"href":"https:\/\/test.intlweloveu.org\/es\/wp-json\/wp\/v2\/media?parent=7710"}],"curies":[{"name":"wp","href":"https:\/\/api.w.org\/{rel}","templated":true}]}}