{"id":11488,"date":"2025-09-23T02:07:31","date_gmt":"2025-09-23T02:07:31","guid":{"rendered":"https:\/\/intlweloveu.org\/collection-use-of-personal-info\/"},"modified":"2025-09-23T02:33:22","modified_gmt":"2025-09-23T02:33:22","slug":"collection-use-of-personal-info","status":"publish","type":"page","link":"https:\/\/test.intlweloveu.org\/vi\/collection-use-of-personal-info\/","title":{"rendered":"H\u01b0\u1edbng d\u1eabn \u0110\u1ed3ng \u00fd thu th\u1eadp &amp; s\u1eed d\u1ee5ng th\u00f4ng tin c\u00e1 nh\u00e2n"},"content":{"rendered":"<p>\u25cb H\u1ea1ng m\u1ee5c th\u00f4ng tin c\u00e1 nh\u00e2n \u0111\u01b0\u1ee3c thu th\u1eadp<\/p>\n<p>Qu\u1ef9 WeLoveU Qu\u1ed1c t\u1ebf thu th\u1eadp th\u00f4ng tin c\u00e1 nh\u00e2n nh\u01b0 sau v\u00ec v\u1eadn h\u00e0nh V\u1eadn \u0111\u1ed9ng k\u00fd t\u00ean.<\/p>\n<ul class=\"wp-block-list\">\n<li>&#8211; H\u1ea1ng m\u1ee5c b\u1eaft bu\u1ed9c: T\u00ean, qu\u1ed1c gia, email, ch\u1eef \u00fd (trong tr\u01b0\u1eddng h\u1ee3p m\u1eabu gi\u1ea5y)<\/li>\n<li>&#8211; H\u1ea1ng m\u1ee5c t\u00f9y ch\u1ecdn: Kh\u00f4ng c\u00f3<\/li>\n<li>&#8211; Ph\u01b0\u01a1ng ph\u00e1p thu th\u1eadp th\u00f4ng tin c\u00e1 nh\u00e2n: Tham gia k\u00fd t\u00ean tr\u1ef1c tuy\u1ebfn &amp; ngo\u1ea1i tuy\u1ebfn<\/li>\n<\/ul>\n<p>\u25cb Thu th\u1eadp th\u00f4ng tin c\u00e1 nh\u00e2n v\u00e0 m\u1ee5c \u0111\u00edch s\u1eed d\u1ee5ng<\/p>\n<p>Qu\u1ef9 WeLoveU Qu\u1ed1c t\u1ebf s\u1eed d\u1ee5ng th\u00f4ng tin c\u00e1 nh\u00e2n \u0111\u01b0\u1ee3c thu th\u1eadp th\u00f4ng qua V\u1eadn \u0111\u1ed9ng k\u00fd t\u00ean v\u00e0o m\u1ee5c \u0111\u00edch nh\u01b0 sau.<\/p>\n<figure class=\"wp-block-table\">\n<table class=\"has-fixed-layout\">\n<tbody>\n<tr>\n<th>M\u1ee5c \u0111\u00edch s\u1eed d\u1ee5ng<\/th>\n<th>H\u1ea1ng m\u1ee5c s\u1eed d\u1ee5ng<\/th>\n<th>Th\u1eddi gian l\u01b0u tr\u1eef<\/th>\n<\/tr>\n<tr>\n<td>S\u1eed d\u1ee5ng \u0111\u1ec3 x\u00e1c nh\u1eadn \u0111\u1ed3ng \u00fd, xem v\u00e0 th\u1ed1ng k\u00ea V\u1eadn \u0111\u1ed9ng k\u00fd t\u00ean.<\/td>\n<td>T\u00ean, qu\u1ed1c gia, email, ch\u1eef \u00fd (trong tr\u01b0\u1eddng h\u1ee3p m\u1eabu gi\u1ea5y)<\/td>\n<td>Trong v\u00f2ng 36 th\u00e1ng sau khi \u0111\u1ea1t \u0111\u01b0\u1ee3c m\u1ee5c \u0111\u00edch s\u1eed d\u1ee5ng<\/td>\n<\/tr>\n<tr>\n<td>S\u1eed d\u1ee5ng \u0111\u1ec3 ch\u1ee9ng minh k\u1ebft qu\u1ea3 k\u00fd t\u00ean nh\u1eb1m b\u00e1o c\u00e1o ho\u1ea1t \u0111\u1ed9ng cho t\u1ed5 ch\u1ee9c qu\u1ed1c t\u1ebf.<\/td>\n<td>T\u00ean, qu\u1ed1c gia, email, ch\u1eef \u00fd (trong tr\u01b0\u1eddng h\u1ee3p m\u1eabu gi\u1ea5y)<\/td>\n<td>Trong v\u00f2ng 36 th\u00e1ng sau khi \u0111\u1ea1t \u0111\u01b0\u1ee3c m\u1ee5c \u0111\u00edch s\u1eed d\u1ee5ng<\/td>\n<\/tr>\n<tr>\n<td>S\u1eed d\u1ee5ng \u0111\u1ec3 ch\u1ee9ng minh k\u1ebft qu\u1ea3 k\u00fd t\u00ean nh\u1eb1m \u0111\u0103ng k\u00fd K\u1ef7 l\u1ee5c Guinness.<\/td>\n<td>T\u00ean, qu\u1ed1c gia, email, ch\u1eef \u00fd (trong tr\u01b0\u1eddng h\u1ee3p m\u1eabu gi\u1ea5y)<\/td>\n<td>Trong v\u00f2ng 36 th\u00e1ng sau khi \u0111\u1ea1t \u0111\u01b0\u1ee3c m\u1ee5c \u0111\u00edch s\u1eed d\u1ee5ng<\/td>\n<\/tr>\n<\/tbody>\n<\/table>\n<\/figure>\n<p>\u25cb H\u1ea1ng m\u1ee5c li\u00ean quan \u0111\u1ebfn vi\u1ec7c cung c\u1ea5p cho b\u00ean th\u1ee9 ba th\u00f4ng tin c\u00e1 nh\u00e2n \u0111\u01b0\u1ee3c thu th\u1eadp<\/p>\n<p>Qu\u1ef9 WeLoveU Qu\u1ed1c t\u1ebf cung c\u1ea5p th\u00f4ng tin c\u00e1 nh\u00e2n cho c\u00e1c b\u00ean th\u1ee9 ba nh\u01b0 d\u01b0\u1edbi \u0111\u00e2y.<\/p>\n<figure class=\"wp-block-table\">\n<table class=\"has-fixed-layout\">\n<tbody>\n<tr>\n<th>B\u00ean \u0111\u01b0\u1ee3c cung c\u1ea5p<\/th>\n<th>M\u1ee5c \u0111\u00edch cung c\u1ea5p<\/th>\n<th>H\u1ea1ng m\u1ee5c cung c\u1ea5p<\/th>\n<th>Th\u1eddi gian l\u01b0u tr\u1eef<\/th>\n<\/tr>\n<tr>\n<td>United Nations Department of Global Communications (UN DGC)<\/td>\n<td>X\u00e1c nh\u1eadn k\u1ebft qu\u1ea3 tham gia &amp; ch\u1ec9 s\u1ed1 th\u1ed1ng k\u00ea V\u1eadn \u0111\u1ed9ng k\u00fd t\u00ean c\u1ee7a Qu\u1ef9 WeLoveU Qu\u1ed1c t\u1ebf<\/td>\n<td>T\u00ean, qu\u1ed1c gia, email, ch\u1eef \u00fd (trong tr\u01b0\u1eddng h\u1ee3p m\u1eabu gi\u1ea5y)<\/td>\n<td>36 th\u00e1ng k\u1ec3 t\u1eeb th\u1eddi \u0111i\u1ec3m \u0111\u01b0\u1ee3c cung c\u1ea5p th\u00f4ng tin<\/td>\n<\/tr>\n<tr>\n<td>Korea Record Institute<\/td>\n<td>X\u00e1c nh\u1eadn k\u1ebft qu\u1ea3 tham gia &amp; ch\u1ec9 s\u1ed1 th\u1ed1ng k\u00ea V\u1eadn \u0111\u1ed9ng k\u00fd t\u00ean c\u1ee7a Qu\u1ef9 WeLoveU Qu\u1ed1c t\u1ebf<\/td>\n<td>T\u00ean, qu\u1ed1c gia, email, ch\u1eef \u00fd (trong tr\u01b0\u1eddng h\u1ee3p m\u1eabu gi\u1ea5y)<\/td>\n<td>36 th\u00e1ng k\u1ec3 t\u1eeb th\u1eddi \u0111i\u1ec3m \u0111\u01b0\u1ee3c cung c\u1ea5p th\u00f4ng tin<\/td>\n<\/tr>\n<\/tbody>\n<\/table>\n<\/figure>\n<p>\u25cb Ch\u00fang t\u00f4i kh\u00f4ng s\u1eed d\u1ee5ng th\u00f4ng tin c\u00e1 nh\u00e2n \u0111\u01b0\u1ee3c thu th\u1eadp v\u00e0o m\u1ee5c \u0111\u00edch kh\u00e1c ngo\u00e0i m\u1ee5c \u0111\u00edch ch\u1ee9ng minh k\u1ebft qu\u1ea3 k\u00fd t\u00ean.<\/p>\n<p>\u25cb B\u1ea1n c\u00f3 quy\u1ec1n t\u1eeb ch\u1ed1i \u0111\u1ed3ng \u00fd thu th\u1eadp &amp; s\u1eed d\u1ee5ng th\u00f4ng tin c\u00e1 nh\u00e2n \u1edf tr\u00ean. Nh\u01b0ng n\u1ebfu t\u1eeb ch\u1ed1i \u0111\u1ed3ng \u00fd th\u00ec kh\u00f4ng th\u1ec3 tham gia k\u00fd t\u00ean. personal information, and if you refuse, you are not allowed to sign up for the pledge.<\/p>\n","protected":false},"excerpt":{"rendered":"Qu\u1ef9 WeLoveU Qu\u1ed1c t\u1ebf (sau \u0111\u00e2y g\u1ecdi l\u00e0 Qu\u1ef9 WeLoveU) xin h\u01b0\u1edbng d\u1eabn nh\u01b0 sau v\u1ec1 \u0110\u1ed3ng \u00fd thu th\u1eadp &#038; s\u1eed d\u1ee5ng th\u00f4ng tin c\u00e1 nh\u00e2n v\u00ec v\u1eadn h\u00e0nh <V\u1eadn \u0111\u1ed9ng k\u00fd t\u00ean Saving Lives - Cam k\u1ebft th\u1ef1c ti\u1ec5n V\u1eadn \u0111\u1ed9ng Hi\u1ebfn m\u00e1u M\u1ed9t Hai kh\u1eafp th\u1ebf gi\u1edbi> (sau \u0111\u00e2y g\u1ecdi l\u00e0 &#8220;V\u1eadn \u0111\u1ed9ng k\u00fd t\u00ean&#8221;).","protected":false},"author":2,"featured_media":0,"parent":0,"menu_order":0,"comment_status":"closed","ping_status":"closed","template":"","meta":{"footnotes":""},"class_list":["post-11488","page","type-page","status-publish","hentry"],"yoast_head":"<!-- This site is optimized with the Yoast SEO plugin v26.6 - https:\/\/yoast.com\/wordpress\/plugins\/seo\/ -->\n<title>H\u01b0\u1edbng d\u1eabn \u0110\u1ed3ng \u00fd thu th\u1eadp &amp; s\u1eed d\u1ee5ng th\u00f4ng tin c\u00e1 nh\u00e2n - Qu\u1ef9 WeLoveU Qu\u1ed1c t\u1ebf<\/title>\n<meta name=\"robots\" content=\"index, follow, max-snippet:-1, max-image-preview:large, max-video-preview:-1\" \/>\n<link rel=\"canonical\" href=\"https:\/\/test.intlweloveu.org\/vi\/collection-use-of-personal-info\/\" \/>\n<meta property=\"og:locale\" content=\"vi_VN\" \/>\n<meta property=\"og:type\" content=\"article\" \/>\n<meta property=\"og:title\" content=\"H\u01b0\u1edbng d\u1eabn \u0110\u1ed3ng \u00fd thu th\u1eadp &amp; s\u1eed d\u1ee5ng th\u00f4ng tin c\u00e1 nh\u00e2n - Qu\u1ef9 WeLoveU Qu\u1ed1c t\u1ebf\" \/>\n<meta property=\"og:description\" content=\"Qu\u1ef9 WeLoveU Qu\u1ed1c t\u1ebf (sau \u0111\u00e2y g\u1ecdi l\u00e0 Qu\u1ef9 WeLoveU) xin h\u01b0\u1edbng d\u1eabn nh\u01b0 sau v\u1ec1 \u0110\u1ed3ng \u00fd thu th\u1eadp &amp; s\u1eed d\u1ee5ng th\u00f4ng tin c\u00e1 nh\u00e2n v\u00ec v\u1eadn h\u00e0nh (sau \u0111\u00e2y g\u1ecdi l\u00e0 &quot;V\u1eadn \u0111\u1ed9ng k\u00fd t\u00ean&quot;).\" \/>\n<meta property=\"og:url\" content=\"https:\/\/test.intlweloveu.org\/vi\/collection-use-of-personal-info\/\" \/>\n<meta property=\"og:site_name\" content=\"Qu\u1ef9 WeLoveU Qu\u1ed1c t\u1ebf\" \/>\n<meta property=\"article:modified_time\" content=\"2025-09-23T02:33:22+00:00\" \/>\n<meta name=\"twitter:card\" content=\"summary_large_image\" \/>\n<meta name=\"twitter:label1\" content=\"\u01af\u1edbc t\u00ednh th\u1eddi gian \u0111\u1ecdc\" \/>\n\t<meta name=\"twitter:data1\" content=\"3 ph\u00fat\" \/>\n<script type=\"application\/ld+json\" class=\"yoast-schema-graph\">{\"@context\":\"https:\/\/schema.org\",\"@graph\":[{\"@type\":\"WebPage\",\"@id\":\"https:\/\/test.intlweloveu.org\/vi\/collection-use-of-personal-info\/\",\"url\":\"https:\/\/test.intlweloveu.org\/vi\/collection-use-of-personal-info\/\",\"name\":\"H\u01b0\u1edbng d\u1eabn \u0110\u1ed3ng \u00fd thu th\u1eadp &amp; s\u1eed d\u1ee5ng th\u00f4ng tin c\u00e1 nh\u00e2n - Qu\u1ef9 WeLoveU Qu\u1ed1c t\u1ebf\",\"isPartOf\":{\"@id\":\"https:\/\/test.intlweloveu.org\/ko\/#website\"},\"datePublished\":\"2025-09-23T02:07:31+00:00\",\"dateModified\":\"2025-09-23T02:33:22+00:00\",\"breadcrumb\":{\"@id\":\"https:\/\/test.intlweloveu.org\/vi\/collection-use-of-personal-info\/#breadcrumb\"},\"inLanguage\":\"vi\",\"potentialAction\":[{\"@type\":\"ReadAction\",\"target\":[\"https:\/\/test.intlweloveu.org\/vi\/collection-use-of-personal-info\/\"]}]},{\"@type\":\"BreadcrumbList\",\"@id\":\"https:\/\/test.intlweloveu.org\/vi\/collection-use-of-personal-info\/#breadcrumb\",\"itemListElement\":[{\"@type\":\"ListItem\",\"position\":1,\"name\":\"\ud648\",\"item\":\"https:\/\/test.intlweloveu.org\/vi\/\"},{\"@type\":\"ListItem\",\"position\":2,\"name\":\"H\u01b0\u1edbng d\u1eabn \u0110\u1ed3ng \u00fd thu th\u1eadp &amp; s\u1eed d\u1ee5ng th\u00f4ng tin c\u00e1 nh\u00e2n\"}]},{\"@type\":\"WebSite\",\"@id\":\"https:\/\/test.intlweloveu.org\/ko\/#website\",\"url\":\"https:\/\/test.intlweloveu.org\/ko\/\",\"name\":\"Qu\u1ef9 WeLoveU Qu\u1ed1c t\u1ebf\",\"description\":\"T\u00ecnh y\u00eau th\u01b0\u01a1ng c\u1ee7a m\u1eb9 \u0111\u01b0\u1ee3c truy\u1ec1n kh\u1eafp th\u1ebf gian\",\"potentialAction\":[{\"@type\":\"SearchAction\",\"target\":{\"@type\":\"EntryPoint\",\"urlTemplate\":\"https:\/\/test.intlweloveu.org\/ko\/?s={search_term_string}\"},\"query-input\":{\"@type\":\"PropertyValueSpecification\",\"valueRequired\":true,\"valueName\":\"search_term_string\"}}],\"inLanguage\":\"vi\"}]}<\/script>\n<!-- \/ Yoast SEO plugin. -->","yoast_head_json":{"title":"H\u01b0\u1edbng d\u1eabn \u0110\u1ed3ng \u00fd thu th\u1eadp &amp; s\u1eed d\u1ee5ng th\u00f4ng tin c\u00e1 nh\u00e2n - Qu\u1ef9 WeLoveU Qu\u1ed1c t\u1ebf","robots":{"index":"index","follow":"follow","max-snippet":"max-snippet:-1","max-image-preview":"max-image-preview:large","max-video-preview":"max-video-preview:-1"},"canonical":"https:\/\/test.intlweloveu.org\/vi\/collection-use-of-personal-info\/","og_locale":"vi_VN","og_type":"article","og_title":"H\u01b0\u1edbng d\u1eabn \u0110\u1ed3ng \u00fd thu th\u1eadp &amp; s\u1eed d\u1ee5ng th\u00f4ng tin c\u00e1 nh\u00e2n - Qu\u1ef9 WeLoveU Qu\u1ed1c t\u1ebf","og_description":"Qu\u1ef9 WeLoveU Qu\u1ed1c t\u1ebf (sau \u0111\u00e2y g\u1ecdi l\u00e0 Qu\u1ef9 WeLoveU) xin h\u01b0\u1edbng d\u1eabn nh\u01b0 sau v\u1ec1 \u0110\u1ed3ng \u00fd thu th\u1eadp & s\u1eed d\u1ee5ng th\u00f4ng tin c\u00e1 nh\u00e2n v\u00ec v\u1eadn h\u00e0nh (sau \u0111\u00e2y g\u1ecdi l\u00e0 \"V\u1eadn \u0111\u1ed9ng k\u00fd t\u00ean\").","og_url":"https:\/\/test.intlweloveu.org\/vi\/collection-use-of-personal-info\/","og_site_name":"Qu\u1ef9 WeLoveU Qu\u1ed1c t\u1ebf","article_modified_time":"2025-09-23T02:33:22+00:00","twitter_card":"summary_large_image","twitter_misc":{"\u01af\u1edbc t\u00ednh th\u1eddi gian \u0111\u1ecdc":"3 ph\u00fat"},"schema":{"@context":"https:\/\/schema.org","@graph":[{"@type":"WebPage","@id":"https:\/\/test.intlweloveu.org\/vi\/collection-use-of-personal-info\/","url":"https:\/\/test.intlweloveu.org\/vi\/collection-use-of-personal-info\/","name":"H\u01b0\u1edbng d\u1eabn \u0110\u1ed3ng \u00fd thu th\u1eadp &amp; s\u1eed d\u1ee5ng th\u00f4ng tin c\u00e1 nh\u00e2n - Qu\u1ef9 WeLoveU Qu\u1ed1c t\u1ebf","isPartOf":{"@id":"https:\/\/test.intlweloveu.org\/ko\/#website"},"datePublished":"2025-09-23T02:07:31+00:00","dateModified":"2025-09-23T02:33:22+00:00","breadcrumb":{"@id":"https:\/\/test.intlweloveu.org\/vi\/collection-use-of-personal-info\/#breadcrumb"},"inLanguage":"vi","potentialAction":[{"@type":"ReadAction","target":["https:\/\/test.intlweloveu.org\/vi\/collection-use-of-personal-info\/"]}]},{"@type":"BreadcrumbList","@id":"https:\/\/test.intlweloveu.org\/vi\/collection-use-of-personal-info\/#breadcrumb","itemListElement":[{"@type":"ListItem","position":1,"name":"\ud648","item":"https:\/\/test.intlweloveu.org\/vi\/"},{"@type":"ListItem","position":2,"name":"H\u01b0\u1edbng d\u1eabn \u0110\u1ed3ng \u00fd thu th\u1eadp &amp; s\u1eed d\u1ee5ng th\u00f4ng tin c\u00e1 nh\u00e2n"}]},{"@type":"WebSite","@id":"https:\/\/test.intlweloveu.org\/ko\/#website","url":"https:\/\/test.intlweloveu.org\/ko\/","name":"Qu\u1ef9 WeLoveU Qu\u1ed1c t\u1ebf","description":"T\u00ecnh y\u00eau th\u01b0\u01a1ng c\u1ee7a m\u1eb9 \u0111\u01b0\u1ee3c truy\u1ec1n kh\u1eafp th\u1ebf gian","potentialAction":[{"@type":"SearchAction","target":{"@type":"EntryPoint","urlTemplate":"https:\/\/test.intlweloveu.org\/ko\/?s={search_term_string}"},"query-input":{"@type":"PropertyValueSpecification","valueRequired":true,"valueName":"search_term_string"}}],"inLanguage":"vi"}]}},"_links":{"self":[{"href":"https:\/\/test.intlweloveu.org\/vi\/wp-json\/wp\/v2\/pages\/11488","targetHints":{"allow":["GET"]}}],"collection":[{"href":"https:\/\/test.intlweloveu.org\/vi\/wp-json\/wp\/v2\/pages"}],"about":[{"href":"https:\/\/test.intlweloveu.org\/vi\/wp-json\/wp\/v2\/types\/page"}],"author":[{"embeddable":true,"href":"https:\/\/test.intlweloveu.org\/vi\/wp-json\/wp\/v2\/users\/2"}],"replies":[{"embeddable":true,"href":"https:\/\/test.intlweloveu.org\/vi\/wp-json\/wp\/v2\/comments?post=11488"}],"version-history":[{"count":5,"href":"https:\/\/test.intlweloveu.org\/vi\/wp-json\/wp\/v2\/pages\/11488\/revisions"}],"predecessor-version":[{"id":11516,"href":"https:\/\/test.intlweloveu.org\/vi\/wp-json\/wp\/v2\/pages\/11488\/revisions\/11516"}],"wp:attachment":[{"href":"https:\/\/test.intlweloveu.org\/vi\/wp-json\/wp\/v2\/media?parent=11488"}],"curies":[{"name":"wp","href":"https:\/\/api.w.org\/{rel}","templated":true}]}}