{"id":24314,"date":"2025-02-12T01:52:37","date_gmt":"2025-02-12T01:52:37","guid":{"rendered":"https:\/\/intlweloveu.org\/covid-19-emergency-relief\/"},"modified":"2025-10-23T08:16:42","modified_gmt":"2025-10-23T08:16:42","slug":"covid-19-emergency-relief","status":"publish","type":"page","link":"https:\/\/test.intlweloveu.org\/vi\/covid-19-emergency-relief\/","title":{"rendered":"T\u1ed5 ch\u1ee9c WeLoveU C\u1ee9u tr\u1ee3 kh\u1ea9n c\u1ea5p Covid-19"},"content":{"rendered":"","protected":false},"excerpt":{"rendered":"T\u1ed5 ch\u1ee9c WeLoveU Qu\u1ed1c t\u1ebf \u1ee9ng ph\u00f3 Covid-19 v\u1edbi t\u1ea5m l\u00f2ng c\u1ee7a m\u1eb9 mong mu\u1ed1n s\u1ef1 an to\u00e0n cho gia \u0111\u00ecnh to\u00e0n c\u1ea7u. Ch\u00fang t\u00f4i h\u1ee3p t\u00e1c v\u1edbi c\u00e1c ch\u00ednh ph\u1ee7 v\u00e0 t\u1ed5 ch\u1ee9c tr\u00ean to\u00e0n th\u1ebf gi\u1edbi \u0111\u1ec3 h\u1ed7 tr\u1ee3 nh\u00e2n vi\u00ean y t\u1ebf v\u00e0 b\u1ec7nh nh\u00e2n \u0111ang v\u1eadt l\u1ed9n v\u1edbi Covid-19, ng\u0103n ng\u1eeba l\u00e2y nhi\u1ec5m cho nh\u00f3m d\u1ec5 b\u1ecb t\u1ed5n th\u01b0\u01a1ng \u2013 nh\u1eefng ng\u01b0\u1eddi b\u1ecb ph\u01a1i nhi\u1ec5m b\u1edfi b\u1ec7nh t\u1eadt, v\u00e0 gi\u00fap \u1ed5n \u0111\u1ecbnh cu\u1ed9c s\u1ed1ng c\u1ee7a nh\u1eefng c\u00f4ng d\u00e2n g\u1eb7p kh\u00f3 kh\u0103n v\u1ec1 kinh t\u1ebf.","protected":false},"author":2,"featured_media":24310,"parent":0,"menu_order":0,"comment_status":"closed","ping_status":"closed","template":"","meta":{"footnotes":""},"class_list":["post-24314","page","type-page","status-publish","has-post-thumbnail","hentry"],"yoast_head":"<!-- This site is optimized with the Yoast SEO plugin v26.6 - https:\/\/yoast.com\/wordpress\/plugins\/seo\/ -->\n<title>T\u1ed5 ch\u1ee9c WeLoveU C\u1ee9u tr\u1ee3 kh\u1ea9n c\u1ea5p Covid-19 - Qu\u1ef9 WeLoveU Qu\u1ed1c t\u1ebf<\/title>\n<meta name=\"robots\" content=\"index, follow, max-snippet:-1, max-image-preview:large, max-video-preview:-1\" \/>\n<link rel=\"canonical\" href=\"https:\/\/test.intlweloveu.org\/vi\/covid-19-emergency-relief\/\" \/>\n<meta property=\"og:locale\" content=\"vi_VN\" \/>\n<meta property=\"og:type\" content=\"article\" \/>\n<meta property=\"og:title\" content=\"T\u1ed5 ch\u1ee9c WeLoveU C\u1ee9u tr\u1ee3 kh\u1ea9n c\u1ea5p Covid-19 - Qu\u1ef9 WeLoveU Qu\u1ed1c t\u1ebf\" \/>\n<meta property=\"og:description\" content=\"T\u1ed5 ch\u1ee9c WeLoveU Qu\u1ed1c t\u1ebf \u1ee9ng ph\u00f3 Covid-19 v\u1edbi t\u1ea5m l\u00f2ng c\u1ee7a m\u1eb9 mong mu\u1ed1n s\u1ef1 an to\u00e0n cho gia \u0111\u00ecnh to\u00e0n c\u1ea7u. Ch\u00fang t\u00f4i h\u1ee3p t\u00e1c v\u1edbi c\u00e1c ch\u00ednh ph\u1ee7 v\u00e0 t\u1ed5 ch\u1ee9c tr\u00ean to\u00e0n th\u1ebf gi\u1edbi \u0111\u1ec3 h\u1ed7 tr\u1ee3 nh\u00e2n vi\u00ean y t\u1ebf v\u00e0 b\u1ec7nh nh\u00e2n \u0111ang v\u1eadt l\u1ed9n v\u1edbi Covid-19, ng\u0103n ng\u1eeba l\u00e2y nhi\u1ec5m cho nh\u00f3m d\u1ec5 b\u1ecb t\u1ed5n th\u01b0\u01a1ng \u2013 nh\u1eefng ng\u01b0\u1eddi b\u1ecb ph\u01a1i nhi\u1ec5m b\u1edfi b\u1ec7nh t\u1eadt, v\u00e0 gi\u00fap \u1ed5n \u0111\u1ecbnh cu\u1ed9c s\u1ed1ng c\u1ee7a nh\u1eefng c\u00f4ng d\u00e2n g\u1eb7p kh\u00f3 kh\u0103n v\u1ec1 kinh t\u1ebf.\" \/>\n<meta property=\"og:url\" content=\"https:\/\/test.intlweloveu.org\/vi\/covid-19-emergency-relief\/\" \/>\n<meta property=\"og:site_name\" content=\"Qu\u1ef9 WeLoveU Qu\u1ed1c t\u1ebf\" \/>\n<meta property=\"article:modified_time\" content=\"2025-10-23T08:16:42+00:00\" \/>\n<meta property=\"og:image\" content=\"https:\/\/test.intlweloveu.org\/wp-content\/uploads\/2025\/10\/thum_covi19_emergency_relief.jpg\" \/>\n\t<meta property=\"og:image:width\" content=\"1400\" \/>\n\t<meta property=\"og:image:height\" content=\"788\" \/>\n\t<meta property=\"og:image:type\" content=\"image\/jpeg\" \/>\n<meta name=\"twitter:card\" content=\"summary_large_image\" \/>\n<meta name=\"twitter:label1\" content=\"\u01af\u1edbc t\u00ednh th\u1eddi gian \u0111\u1ecdc\" \/>\n\t<meta name=\"twitter:data1\" content=\"1 ph\u00fat\" \/>\n<script type=\"application\/ld+json\" class=\"yoast-schema-graph\">{\"@context\":\"https:\/\/schema.org\",\"@graph\":[{\"@type\":\"WebPage\",\"@id\":\"https:\/\/test.intlweloveu.org\/vi\/covid-19-emergency-relief\/\",\"url\":\"https:\/\/test.intlweloveu.org\/vi\/covid-19-emergency-relief\/\",\"name\":\"T\u1ed5 ch\u1ee9c WeLoveU C\u1ee9u tr\u1ee3 kh\u1ea9n c\u1ea5p Covid-19 - Qu\u1ef9 WeLoveU Qu\u1ed1c t\u1ebf\",\"isPartOf\":{\"@id\":\"https:\/\/test.intlweloveu.org\/ko\/#website\"},\"primaryImageOfPage\":{\"@id\":\"https:\/\/test.intlweloveu.org\/vi\/covid-19-emergency-relief\/#primaryimage\"},\"image\":{\"@id\":\"https:\/\/test.intlweloveu.org\/vi\/covid-19-emergency-relief\/#primaryimage\"},\"thumbnailUrl\":\"https:\/\/test.intlweloveu.org\/wp-content\/uploads\/2025\/10\/thum_covi19_emergency_relief.jpg\",\"datePublished\":\"2025-02-12T01:52:37+00:00\",\"dateModified\":\"2025-10-23T08:16:42+00:00\",\"breadcrumb\":{\"@id\":\"https:\/\/test.intlweloveu.org\/vi\/covid-19-emergency-relief\/#breadcrumb\"},\"inLanguage\":\"vi\",\"potentialAction\":[{\"@type\":\"ReadAction\",\"target\":[\"https:\/\/test.intlweloveu.org\/vi\/covid-19-emergency-relief\/\"]}]},{\"@type\":\"ImageObject\",\"inLanguage\":\"vi\",\"@id\":\"https:\/\/test.intlweloveu.org\/vi\/covid-19-emergency-relief\/#primaryimage\",\"url\":\"https:\/\/test.intlweloveu.org\/wp-content\/uploads\/2025\/10\/thum_covi19_emergency_relief.jpg\",\"contentUrl\":\"https:\/\/test.intlweloveu.org\/wp-content\/uploads\/2025\/10\/thum_covi19_emergency_relief.jpg\",\"width\":1400,\"height\":788},{\"@type\":\"BreadcrumbList\",\"@id\":\"https:\/\/test.intlweloveu.org\/vi\/covid-19-emergency-relief\/#breadcrumb\",\"itemListElement\":[{\"@type\":\"ListItem\",\"position\":1,\"name\":\"\ud648\",\"item\":\"https:\/\/test.intlweloveu.org\/vi\/\"},{\"@type\":\"ListItem\",\"position\":2,\"name\":\"T\u1ed5 ch\u1ee9c WeLoveU C\u1ee9u tr\u1ee3 kh\u1ea9n c\u1ea5p Covid-19\"}]},{\"@type\":\"WebSite\",\"@id\":\"https:\/\/test.intlweloveu.org\/ko\/#website\",\"url\":\"https:\/\/test.intlweloveu.org\/ko\/\",\"name\":\"Qu\u1ef9 WeLoveU Qu\u1ed1c t\u1ebf\",\"description\":\"T\u00ecnh y\u00eau th\u01b0\u01a1ng c\u1ee7a m\u1eb9 \u0111\u01b0\u1ee3c truy\u1ec1n kh\u1eafp th\u1ebf gian\",\"potentialAction\":[{\"@type\":\"SearchAction\",\"target\":{\"@type\":\"EntryPoint\",\"urlTemplate\":\"https:\/\/test.intlweloveu.org\/ko\/?s={search_term_string}\"},\"query-input\":{\"@type\":\"PropertyValueSpecification\",\"valueRequired\":true,\"valueName\":\"search_term_string\"}}],\"inLanguage\":\"vi\"}]}<\/script>\n<!-- \/ Yoast SEO plugin. -->","yoast_head_json":{"title":"T\u1ed5 ch\u1ee9c WeLoveU C\u1ee9u tr\u1ee3 kh\u1ea9n c\u1ea5p Covid-19 - Qu\u1ef9 WeLoveU Qu\u1ed1c t\u1ebf","robots":{"index":"index","follow":"follow","max-snippet":"max-snippet:-1","max-image-preview":"max-image-preview:large","max-video-preview":"max-video-preview:-1"},"canonical":"https:\/\/test.intlweloveu.org\/vi\/covid-19-emergency-relief\/","og_locale":"vi_VN","og_type":"article","og_title":"T\u1ed5 ch\u1ee9c WeLoveU C\u1ee9u tr\u1ee3 kh\u1ea9n c\u1ea5p Covid-19 - Qu\u1ef9 WeLoveU Qu\u1ed1c t\u1ebf","og_description":"T\u1ed5 ch\u1ee9c WeLoveU Qu\u1ed1c t\u1ebf \u1ee9ng ph\u00f3 Covid-19 v\u1edbi t\u1ea5m l\u00f2ng c\u1ee7a m\u1eb9 mong mu\u1ed1n s\u1ef1 an to\u00e0n cho gia \u0111\u00ecnh to\u00e0n c\u1ea7u. Ch\u00fang t\u00f4i h\u1ee3p t\u00e1c v\u1edbi c\u00e1c ch\u00ednh ph\u1ee7 v\u00e0 t\u1ed5 ch\u1ee9c tr\u00ean to\u00e0n th\u1ebf gi\u1edbi \u0111\u1ec3 h\u1ed7 tr\u1ee3 nh\u00e2n vi\u00ean y t\u1ebf v\u00e0 b\u1ec7nh nh\u00e2n \u0111ang v\u1eadt l\u1ed9n v\u1edbi Covid-19, ng\u0103n ng\u1eeba l\u00e2y nhi\u1ec5m cho nh\u00f3m d\u1ec5 b\u1ecb t\u1ed5n th\u01b0\u01a1ng \u2013 nh\u1eefng ng\u01b0\u1eddi b\u1ecb ph\u01a1i nhi\u1ec5m b\u1edfi b\u1ec7nh t\u1eadt, v\u00e0 gi\u00fap \u1ed5n \u0111\u1ecbnh cu\u1ed9c s\u1ed1ng c\u1ee7a nh\u1eefng c\u00f4ng d\u00e2n g\u1eb7p kh\u00f3 kh\u0103n v\u1ec1 kinh t\u1ebf.","og_url":"https:\/\/test.intlweloveu.org\/vi\/covid-19-emergency-relief\/","og_site_name":"Qu\u1ef9 WeLoveU Qu\u1ed1c t\u1ebf","article_modified_time":"2025-10-23T08:16:42+00:00","og_image":[{"width":1400,"height":788,"url":"https:\/\/test.intlweloveu.org\/wp-content\/uploads\/2025\/10\/thum_covi19_emergency_relief.jpg","type":"image\/jpeg"}],"twitter_card":"summary_large_image","twitter_misc":{"\u01af\u1edbc t\u00ednh th\u1eddi gian \u0111\u1ecdc":"1 ph\u00fat"},"schema":{"@context":"https:\/\/schema.org","@graph":[{"@type":"WebPage","@id":"https:\/\/test.intlweloveu.org\/vi\/covid-19-emergency-relief\/","url":"https:\/\/test.intlweloveu.org\/vi\/covid-19-emergency-relief\/","name":"T\u1ed5 ch\u1ee9c WeLoveU C\u1ee9u tr\u1ee3 kh\u1ea9n c\u1ea5p Covid-19 - Qu\u1ef9 WeLoveU Qu\u1ed1c t\u1ebf","isPartOf":{"@id":"https:\/\/test.intlweloveu.org\/ko\/#website"},"primaryImageOfPage":{"@id":"https:\/\/test.intlweloveu.org\/vi\/covid-19-emergency-relief\/#primaryimage"},"image":{"@id":"https:\/\/test.intlweloveu.org\/vi\/covid-19-emergency-relief\/#primaryimage"},"thumbnailUrl":"https:\/\/test.intlweloveu.org\/wp-content\/uploads\/2025\/10\/thum_covi19_emergency_relief.jpg","datePublished":"2025-02-12T01:52:37+00:00","dateModified":"2025-10-23T08:16:42+00:00","breadcrumb":{"@id":"https:\/\/test.intlweloveu.org\/vi\/covid-19-emergency-relief\/#breadcrumb"},"inLanguage":"vi","potentialAction":[{"@type":"ReadAction","target":["https:\/\/test.intlweloveu.org\/vi\/covid-19-emergency-relief\/"]}]},{"@type":"ImageObject","inLanguage":"vi","@id":"https:\/\/test.intlweloveu.org\/vi\/covid-19-emergency-relief\/#primaryimage","url":"https:\/\/test.intlweloveu.org\/wp-content\/uploads\/2025\/10\/thum_covi19_emergency_relief.jpg","contentUrl":"https:\/\/test.intlweloveu.org\/wp-content\/uploads\/2025\/10\/thum_covi19_emergency_relief.jpg","width":1400,"height":788},{"@type":"BreadcrumbList","@id":"https:\/\/test.intlweloveu.org\/vi\/covid-19-emergency-relief\/#breadcrumb","itemListElement":[{"@type":"ListItem","position":1,"name":"\ud648","item":"https:\/\/test.intlweloveu.org\/vi\/"},{"@type":"ListItem","position":2,"name":"T\u1ed5 ch\u1ee9c WeLoveU C\u1ee9u tr\u1ee3 kh\u1ea9n c\u1ea5p Covid-19"}]},{"@type":"WebSite","@id":"https:\/\/test.intlweloveu.org\/ko\/#website","url":"https:\/\/test.intlweloveu.org\/ko\/","name":"Qu\u1ef9 WeLoveU Qu\u1ed1c t\u1ebf","description":"T\u00ecnh y\u00eau th\u01b0\u01a1ng c\u1ee7a m\u1eb9 \u0111\u01b0\u1ee3c truy\u1ec1n kh\u1eafp th\u1ebf gian","potentialAction":[{"@type":"SearchAction","target":{"@type":"EntryPoint","urlTemplate":"https:\/\/test.intlweloveu.org\/ko\/?s={search_term_string}"},"query-input":{"@type":"PropertyValueSpecification","valueRequired":true,"valueName":"search_term_string"}}],"inLanguage":"vi"}]}},"_links":{"self":[{"href":"https:\/\/test.intlweloveu.org\/vi\/wp-json\/wp\/v2\/pages\/24314","targetHints":{"allow":["GET"]}}],"collection":[{"href":"https:\/\/test.intlweloveu.org\/vi\/wp-json\/wp\/v2\/pages"}],"about":[{"href":"https:\/\/test.intlweloveu.org\/vi\/wp-json\/wp\/v2\/types\/page"}],"author":[{"embeddable":true,"href":"https:\/\/test.intlweloveu.org\/vi\/wp-json\/wp\/v2\/users\/2"}],"replies":[{"embeddable":true,"href":"https:\/\/test.intlweloveu.org\/vi\/wp-json\/wp\/v2\/comments?post=24314"}],"version-history":[{"count":1,"href":"https:\/\/test.intlweloveu.org\/vi\/wp-json\/wp\/v2\/pages\/24314\/revisions"}],"predecessor-version":[{"id":24318,"href":"https:\/\/test.intlweloveu.org\/vi\/wp-json\/wp\/v2\/pages\/24314\/revisions\/24318"}],"wp:featuredmedia":[{"embeddable":true,"href":"https:\/\/test.intlweloveu.org\/vi\/wp-json\/wp\/v2\/media\/24310"}],"wp:attachment":[{"href":"https:\/\/test.intlweloveu.org\/vi\/wp-json\/wp\/v2\/media?parent=24314"}],"curies":[{"name":"wp","href":"https:\/\/api.w.org\/{rel}","templated":true}]}}