{"id":7711,"date":"2025-09-15T07:48:14","date_gmt":"2025-09-15T07:48:14","guid":{"rendered":"https:\/\/intlweloveu.org\/saving-lives-signup\/"},"modified":"2025-11-07T00:19:58","modified_gmt":"2025-11-07T00:19:58","slug":"saving-lives-signup","status":"publish","type":"page","link":"https:\/\/test.intlweloveu.org\/vi\/saving-lives-signup\/","title":{"rendered":"V\u1eadn \u0111\u1ed9ng k\u00fd t\u00ean Saving Lives"},"content":{"rendered":"<h2 class=\"wp-block-heading has-text-align-left title fw-600\">Cam k\u1ebft th\u1ef1c ti\u1ec5n V\u1eadn \u0111\u1ed9ng Hi\u1ebfn m\u00e1u M\u1ed9t Hai kh\u1eafp th\u1ebf gi\u1edbi \u0111\u1ec3 c\u1ee9u s\u1ef1 s\u1ed1ng b\u1ec1n v\u1eefng<\/h2>\n<p>C\u00f4ng vi\u1ec7c c\u1ee9u s\u1ef1 s\u1ed1ng l\u00e0 v\u1ea5n \u0111\u1ec1 quan tr\u1ecdng v\u00e0 c\u1ea5p b\u00e1ch nh\u1ea5t m\u00e0 h\u1ebft th\u1ea3y ch\u00fang ta ph\u1ea3i \u0111\u1ed3ng l\u00f2ng h\u00e0nh \u0111\u1ed9ng.<\/p>\n<p>V\u00ec h\u00e0nh \u0111\u1ed9ng chung \u0111\u1ec3 c\u1ee9u s\u1ef1 s\u1ed1ng b\u1ec1n v\u1eefng nh\u1eb1m c\u1ee9u s\u1ef1 s\u1ed1ng \u0111\u1ed1i m\u1eb7t v\u1edbi nguy c\u01a1 do thi\u1ebfu m\u00e1u v\u00e0 n\u00e2ng cao nh\u1eadn th\u1ee9c v\u1ec1 gi\u00e1 tr\u1ecb c\u1ee7a s\u1ef1 s\u1ed1ng v\u00e0 t\u1ea1o d\u1ef1ng t\u01b0\u01a1ng lai t\u01b0\u01a1i s\u00e1ng h\u01a1n, t\u00f4i xin cam k\u1ebft nh\u01b0 sau.<\/p>\n<ul class=\"wp-block-list dash\">\n<li><strong>M\u1ed9t,<\/strong>\u00a0t\u00f4i h\u1ee9a s\u1ebd tr\u1edf th\u00e0nh ng\u01b0\u1eddi d\u00e2n c\u00f3 tr\u00e1ch nhi\u1ec7m coi tr\u1ecdng s\u1ef1 s\u1ed1ng v\u00e0 th\u1ef1c ti\u1ec5n chia s\u1ebb s\u1ef1 s\u1ed1ng th\u00f4ng qua hi\u1ebfn m\u00e1u.<\/li>\n<li><strong>M\u1ed9t,<\/strong>\u00a0t\u00f4i h\u1ee9a s\u1ebd tham gia V\u1eadn \u0111\u1ed9ng hi\u1ebfn m\u00e1u M\u1ed9t Hai kh\u1eafp th\u1ebf gi\u1edbi (Hi\u1ebfn m\u00e1u to\u00e0n ph\u1ea7n ho\u1eb7c hi\u1ebfn th\u00e0nh ph\u1ea7n m\u00e1u) m\u1ed7i n\u0103m tr\u00ean 1 l\u1ea7n \u0111\u1ec3 g\u00f3p ph\u1ea7n th\u1ef1c hi\u1ec7n Hi\u1ebfn m\u00e1u T\u00ecnh nguy\u1ec7n Kh\u00f4ng th\u00f9 lao v\u00e0 l\u00e0m gi\u1ea3m thi\u1ebfu m\u00e1u.<\/li>\n<li><strong>M\u1ed9t,<\/strong>\u00a0t\u00f4i h\u1ee9a s\u1ebd cho nh\u1eefng ng\u01b0\u1eddi xung quanh bi\u1ebft v\u1ec1 t\u1ea7m quan tr\u1ecdng v\u00e0 t\u00ednh c\u1ea7n thi\u1ebft c\u1ee7a hi\u1ebfn m\u00e1u, v\u00e0 s\u1ebd hi\u1ec7p l\u1ef1c \u0111\u1ec3 thi\u1ebft l\u1eadp m\u1ea1ng l\u01b0\u1edbi c\u1ee9u s\u1ef1 s\u1ed1ng \u1edf x\u00e3 h\u1ed9i \u0111\u1ecba ph\u01b0\u01a1ng v\u00e0 kh\u1eafp th\u1ebf gi\u1edbi.<\/li>\n<\/ul>\n<p>Nh\u01b0 v\u1eady, t\u00f4i cam k\u1ebft s\u1ebd \u0111\u1ed3ng tham v\u00e0o V\u1eadn \u0111\u1ed9ng hi\u1ebfn m\u00e1u M\u1ed9t Hai kh\u1eafp th\u1ebf gi\u1edbi c\u1ee7a Qu\u1ef9 WeLoveU Qu\u1ed1c t\u1ebf.<\/p>\n<p class=\"info\">* V\u1eadn \u0111\u1ed9ng k\u00fd t\u00ean Saving Lives hi\u1ec7n t\u1ea1i \u0111ang \u0111\u01b0\u1ee3c th\u1ef1c hi\u1ec7n t\u1ea1i 51 qu\u1ed1c gia (H\u00e0n Qu\u1ed1c, M\u1ef9, Anh, \u00dd, Nh\u1eadt B\u1ea3n, New Zealand, \u00dac, Nepal, Peru, Brazil, L\u00e0o, Malaysia, Vi\u1ec7t Nam, T\u00e2y Ban Nha, Argentina v.v\u2026).<\/p>\n","protected":false},"excerpt":{"rendered":"S\u1ef1 d\u1ecbch chuy\u1ec3n \u0111\u1ec3 c\u1ee9u s\u1ef1 s\u1ed1ng b\u1ec1n v\u1eefng","protected":false},"author":2,"featured_media":36907,"parent":0,"menu_order":0,"comment_status":"closed","ping_status":"closed","template":"","meta":{"footnotes":""},"class_list":["post-7711","page","type-page","status-publish","has-post-thumbnail","hentry"],"yoast_head":"<!-- This site is optimized with the Yoast SEO plugin v26.6 - https:\/\/yoast.com\/wordpress\/plugins\/seo\/ -->\n<title>V\u1eadn \u0111\u1ed9ng k\u00fd t\u00ean Saving Lives - Qu\u1ef9 WeLoveU Qu\u1ed1c t\u1ebf<\/title>\n<meta name=\"robots\" content=\"index, follow, max-snippet:-1, max-image-preview:large, max-video-preview:-1\" \/>\n<link rel=\"canonical\" href=\"https:\/\/test.intlweloveu.org\/vi\/saving-lives-signup\/\" \/>\n<meta property=\"og:locale\" content=\"vi_VN\" \/>\n<meta property=\"og:type\" content=\"article\" \/>\n<meta property=\"og:title\" content=\"V\u1eadn \u0111\u1ed9ng k\u00fd t\u00ean Saving Lives - Qu\u1ef9 WeLoveU Qu\u1ed1c t\u1ebf\" \/>\n<meta property=\"og:description\" content=\"S\u1ef1 d\u1ecbch chuy\u1ec3n \u0111\u1ec3 c\u1ee9u s\u1ef1 s\u1ed1ng b\u1ec1n v\u1eefng\" \/>\n<meta property=\"og:url\" content=\"https:\/\/test.intlweloveu.org\/vi\/saving-lives-signup\/\" \/>\n<meta property=\"og:site_name\" content=\"Qu\u1ef9 WeLoveU Qu\u1ed1c t\u1ebf\" \/>\n<meta property=\"article:modified_time\" content=\"2025-11-07T00:19:58+00:00\" \/>\n<meta property=\"og:image\" content=\"https:\/\/test.intlweloveu.org\/wp-content\/uploads\/2025\/11\/thum_sign_up_for_saving_lives.jpg\" \/>\n\t<meta property=\"og:image:width\" content=\"1200\" \/>\n\t<meta property=\"og:image:height\" content=\"630\" \/>\n\t<meta property=\"og:image:type\" content=\"image\/jpeg\" \/>\n<meta name=\"twitter:card\" content=\"summary_large_image\" \/>\n<meta name=\"twitter:label1\" content=\"\u01af\u1edbc t\u00ednh th\u1eddi gian \u0111\u1ecdc\" \/>\n\t<meta name=\"twitter:data1\" content=\"2 ph\u00fat\" \/>\n<script type=\"application\/ld+json\" class=\"yoast-schema-graph\">{\"@context\":\"https:\/\/schema.org\",\"@graph\":[{\"@type\":\"WebPage\",\"@id\":\"https:\/\/test.intlweloveu.org\/vi\/saving-lives-signup\/\",\"url\":\"https:\/\/test.intlweloveu.org\/vi\/saving-lives-signup\/\",\"name\":\"V\u1eadn \u0111\u1ed9ng k\u00fd t\u00ean Saving Lives - Qu\u1ef9 WeLoveU Qu\u1ed1c t\u1ebf\",\"isPartOf\":{\"@id\":\"https:\/\/test.intlweloveu.org\/ko\/#website\"},\"primaryImageOfPage\":{\"@id\":\"https:\/\/test.intlweloveu.org\/vi\/saving-lives-signup\/#primaryimage\"},\"image\":{\"@id\":\"https:\/\/test.intlweloveu.org\/vi\/saving-lives-signup\/#primaryimage\"},\"thumbnailUrl\":\"https:\/\/test.intlweloveu.org\/wp-content\/uploads\/2025\/11\/thum_sign_up_for_saving_lives.jpg\",\"datePublished\":\"2025-09-15T07:48:14+00:00\",\"dateModified\":\"2025-11-07T00:19:58+00:00\",\"breadcrumb\":{\"@id\":\"https:\/\/test.intlweloveu.org\/vi\/saving-lives-signup\/#breadcrumb\"},\"inLanguage\":\"vi\",\"potentialAction\":[{\"@type\":\"ReadAction\",\"target\":[\"https:\/\/test.intlweloveu.org\/vi\/saving-lives-signup\/\"]}]},{\"@type\":\"ImageObject\",\"inLanguage\":\"vi\",\"@id\":\"https:\/\/test.intlweloveu.org\/vi\/saving-lives-signup\/#primaryimage\",\"url\":\"https:\/\/test.intlweloveu.org\/wp-content\/uploads\/2025\/11\/thum_sign_up_for_saving_lives.jpg\",\"contentUrl\":\"https:\/\/test.intlweloveu.org\/wp-content\/uploads\/2025\/11\/thum_sign_up_for_saving_lives.jpg\",\"width\":1200,\"height\":630},{\"@type\":\"BreadcrumbList\",\"@id\":\"https:\/\/test.intlweloveu.org\/vi\/saving-lives-signup\/#breadcrumb\",\"itemListElement\":[{\"@type\":\"ListItem\",\"position\":1,\"name\":\"\ud648\",\"item\":\"https:\/\/test.intlweloveu.org\/vi\/\"},{\"@type\":\"ListItem\",\"position\":2,\"name\":\"V\u1eadn \u0111\u1ed9ng k\u00fd t\u00ean Saving Lives\"}]},{\"@type\":\"WebSite\",\"@id\":\"https:\/\/test.intlweloveu.org\/ko\/#website\",\"url\":\"https:\/\/test.intlweloveu.org\/ko\/\",\"name\":\"Qu\u1ef9 WeLoveU Qu\u1ed1c t\u1ebf\",\"description\":\"T\u00ecnh y\u00eau th\u01b0\u01a1ng c\u1ee7a m\u1eb9 \u0111\u01b0\u1ee3c truy\u1ec1n kh\u1eafp th\u1ebf gian\",\"potentialAction\":[{\"@type\":\"SearchAction\",\"target\":{\"@type\":\"EntryPoint\",\"urlTemplate\":\"https:\/\/test.intlweloveu.org\/ko\/?s={search_term_string}\"},\"query-input\":{\"@type\":\"PropertyValueSpecification\",\"valueRequired\":true,\"valueName\":\"search_term_string\"}}],\"inLanguage\":\"vi\"}]}<\/script>\n<!-- \/ Yoast SEO plugin. -->","yoast_head_json":{"title":"V\u1eadn \u0111\u1ed9ng k\u00fd t\u00ean Saving Lives - Qu\u1ef9 WeLoveU Qu\u1ed1c t\u1ebf","robots":{"index":"index","follow":"follow","max-snippet":"max-snippet:-1","max-image-preview":"max-image-preview:large","max-video-preview":"max-video-preview:-1"},"canonical":"https:\/\/test.intlweloveu.org\/vi\/saving-lives-signup\/","og_locale":"vi_VN","og_type":"article","og_title":"V\u1eadn \u0111\u1ed9ng k\u00fd t\u00ean Saving Lives - Qu\u1ef9 WeLoveU Qu\u1ed1c t\u1ebf","og_description":"S\u1ef1 d\u1ecbch chuy\u1ec3n \u0111\u1ec3 c\u1ee9u s\u1ef1 s\u1ed1ng b\u1ec1n v\u1eefng","og_url":"https:\/\/test.intlweloveu.org\/vi\/saving-lives-signup\/","og_site_name":"Qu\u1ef9 WeLoveU Qu\u1ed1c t\u1ebf","article_modified_time":"2025-11-07T00:19:58+00:00","og_image":[{"width":1200,"height":630,"url":"https:\/\/test.intlweloveu.org\/wp-content\/uploads\/2025\/11\/thum_sign_up_for_saving_lives.jpg","type":"image\/jpeg"}],"twitter_card":"summary_large_image","twitter_misc":{"\u01af\u1edbc t\u00ednh th\u1eddi gian \u0111\u1ecdc":"2 ph\u00fat"},"schema":{"@context":"https:\/\/schema.org","@graph":[{"@type":"WebPage","@id":"https:\/\/test.intlweloveu.org\/vi\/saving-lives-signup\/","url":"https:\/\/test.intlweloveu.org\/vi\/saving-lives-signup\/","name":"V\u1eadn \u0111\u1ed9ng k\u00fd t\u00ean Saving Lives - Qu\u1ef9 WeLoveU Qu\u1ed1c t\u1ebf","isPartOf":{"@id":"https:\/\/test.intlweloveu.org\/ko\/#website"},"primaryImageOfPage":{"@id":"https:\/\/test.intlweloveu.org\/vi\/saving-lives-signup\/#primaryimage"},"image":{"@id":"https:\/\/test.intlweloveu.org\/vi\/saving-lives-signup\/#primaryimage"},"thumbnailUrl":"https:\/\/test.intlweloveu.org\/wp-content\/uploads\/2025\/11\/thum_sign_up_for_saving_lives.jpg","datePublished":"2025-09-15T07:48:14+00:00","dateModified":"2025-11-07T00:19:58+00:00","breadcrumb":{"@id":"https:\/\/test.intlweloveu.org\/vi\/saving-lives-signup\/#breadcrumb"},"inLanguage":"vi","potentialAction":[{"@type":"ReadAction","target":["https:\/\/test.intlweloveu.org\/vi\/saving-lives-signup\/"]}]},{"@type":"ImageObject","inLanguage":"vi","@id":"https:\/\/test.intlweloveu.org\/vi\/saving-lives-signup\/#primaryimage","url":"https:\/\/test.intlweloveu.org\/wp-content\/uploads\/2025\/11\/thum_sign_up_for_saving_lives.jpg","contentUrl":"https:\/\/test.intlweloveu.org\/wp-content\/uploads\/2025\/11\/thum_sign_up_for_saving_lives.jpg","width":1200,"height":630},{"@type":"BreadcrumbList","@id":"https:\/\/test.intlweloveu.org\/vi\/saving-lives-signup\/#breadcrumb","itemListElement":[{"@type":"ListItem","position":1,"name":"\ud648","item":"https:\/\/test.intlweloveu.org\/vi\/"},{"@type":"ListItem","position":2,"name":"V\u1eadn \u0111\u1ed9ng k\u00fd t\u00ean Saving Lives"}]},{"@type":"WebSite","@id":"https:\/\/test.intlweloveu.org\/ko\/#website","url":"https:\/\/test.intlweloveu.org\/ko\/","name":"Qu\u1ef9 WeLoveU Qu\u1ed1c t\u1ebf","description":"T\u00ecnh y\u00eau th\u01b0\u01a1ng c\u1ee7a m\u1eb9 \u0111\u01b0\u1ee3c truy\u1ec1n kh\u1eafp th\u1ebf gian","potentialAction":[{"@type":"SearchAction","target":{"@type":"EntryPoint","urlTemplate":"https:\/\/test.intlweloveu.org\/ko\/?s={search_term_string}"},"query-input":{"@type":"PropertyValueSpecification","valueRequired":true,"valueName":"search_term_string"}}],"inLanguage":"vi"}]}},"_links":{"self":[{"href":"https:\/\/test.intlweloveu.org\/vi\/wp-json\/wp\/v2\/pages\/7711","targetHints":{"allow":["GET"]}}],"collection":[{"href":"https:\/\/test.intlweloveu.org\/vi\/wp-json\/wp\/v2\/pages"}],"about":[{"href":"https:\/\/test.intlweloveu.org\/vi\/wp-json\/wp\/v2\/types\/page"}],"author":[{"embeddable":true,"href":"https:\/\/test.intlweloveu.org\/vi\/wp-json\/wp\/v2\/users\/2"}],"replies":[{"embeddable":true,"href":"https:\/\/test.intlweloveu.org\/vi\/wp-json\/wp\/v2\/comments?post=7711"}],"version-history":[{"count":5,"href":"https:\/\/test.intlweloveu.org\/vi\/wp-json\/wp\/v2\/pages\/7711\/revisions"}],"predecessor-version":[{"id":36901,"href":"https:\/\/test.intlweloveu.org\/vi\/wp-json\/wp\/v2\/pages\/7711\/revisions\/36901"}],"wp:featuredmedia":[{"embeddable":true,"href":"https:\/\/test.intlweloveu.org\/vi\/wp-json\/wp\/v2\/media\/36907"}],"wp:attachment":[{"href":"https:\/\/test.intlweloveu.org\/vi\/wp-json\/wp\/v2\/media?parent=7711"}],"curies":[{"name":"wp","href":"https:\/\/api.w.org\/{rel}","templated":true}]}}