{"id":921,"date":"2025-02-12T03:08:20","date_gmt":"2025-02-12T03:08:20","guid":{"rendered":"https:\/\/intlweloveu.org\/campaign\/"},"modified":"2025-10-29T10:45:42","modified_gmt":"2025-10-29T10:45:42","slug":"campaign","status":"publish","type":"page","link":"https:\/\/test.intlweloveu.org\/vi\/campaign\/","title":{"rendered":"Chi\u1ebfn d\u1ecbch SAVE WORLD"},"content":{"rendered":"","protected":false},"excerpt":{"rendered":"Tr\u00e1i \u0111\u1ea5t ch\u1ec9 c\u00f3 m\u1ed9t. \nNh\u00e2n lo\u1ea1i sinh s\u1ed1ng \u1edf trong n\u01a1i \u0111\u00f3 kh\u00f4ng kh\u00e1c n\u00e0o m\u1ed9t gia \u0111\u00ecnh. \nGia \u0111\u00ecnh l\u00e0ng \u0111\u1ecba c\u1ea7u b\u00e2y gi\u1edd \u0111ang ch\u1ecbu kh\u00f3 kh\u0103n \nb\u1edfi c\u00e1c lo\u1ea1i tai n\u1ea1n k\u1ec3 t\u1eeb bi\u1ebfn \u0111\u1ed5i kh\u00ed h\u1eadu.\nQu\u1ef9 WeLoveU Qu\u1ed1c t\u1ebf t\u1ed5 ch\u1ee9c ho\u1ea1t \u0111\u1ed9ng ph\u1ee5ng s\u1ef1 v\u00e0 c\u1ee9u h\u1ed9, \nchia s\u1ebb t\u00ecnh y\u00eau th\u01b0\u01a1ng \u1ea5m \u00e1p c\u1ee7a m\u1eb9\ncho gia \u0111\u00ecnh l\u00e0ng \u0111\u1ecba c\u1ea7u gian kh\u1ed5 c\u1ea3 th\u00e2n th\u1ec3 l\u1eabn t\u1ea5m l\u00f2ng.","protected":false},"author":2,"featured_media":28798,"parent":0,"menu_order":0,"comment_status":"closed","ping_status":"closed","template":"","meta":{"footnotes":""},"class_list":["post-921","page","type-page","status-publish","has-post-thumbnail","hentry"],"yoast_head":"<!-- This site is optimized with the Yoast SEO plugin v26.6 - https:\/\/yoast.com\/wordpress\/plugins\/seo\/ -->\n<title>Chi\u1ebfn d\u1ecbch SAVE WORLD - Qu\u1ef9 WeLoveU Qu\u1ed1c t\u1ebf<\/title>\n<meta name=\"robots\" content=\"index, follow, max-snippet:-1, max-image-preview:large, max-video-preview:-1\" \/>\n<link rel=\"canonical\" href=\"https:\/\/test.intlweloveu.org\/vi\/campaign\/\" \/>\n<meta property=\"og:locale\" content=\"vi_VN\" \/>\n<meta property=\"og:type\" content=\"article\" \/>\n<meta property=\"og:title\" content=\"Chi\u1ebfn d\u1ecbch SAVE WORLD - Qu\u1ef9 WeLoveU Qu\u1ed1c t\u1ebf\" \/>\n<meta property=\"og:description\" content=\"Tr\u00e1i \u0111\u1ea5t ch\u1ec9 c\u00f3 m\u1ed9t. Nh\u00e2n lo\u1ea1i sinh s\u1ed1ng \u1edf trong n\u01a1i \u0111\u00f3 kh\u00f4ng kh\u00e1c n\u00e0o m\u1ed9t gia \u0111\u00ecnh. Gia \u0111\u00ecnh l\u00e0ng \u0111\u1ecba c\u1ea7u b\u00e2y gi\u1edd \u0111ang ch\u1ecbu kh\u00f3 kh\u0103n b\u1edfi c\u00e1c lo\u1ea1i tai n\u1ea1n k\u1ec3 t\u1eeb bi\u1ebfn \u0111\u1ed5i kh\u00ed h\u1eadu. Qu\u1ef9 WeLoveU Qu\u1ed1c t\u1ebf t\u1ed5 ch\u1ee9c ho\u1ea1t \u0111\u1ed9ng ph\u1ee5ng s\u1ef1 v\u00e0 c\u1ee9u h\u1ed9, chia s\u1ebb t\u00ecnh y\u00eau th\u01b0\u01a1ng \u1ea5m \u00e1p c\u1ee7a m\u1eb9 cho gia \u0111\u00ecnh l\u00e0ng \u0111\u1ecba c\u1ea7u gian kh\u1ed5 c\u1ea3 th\u00e2n th\u1ec3 l\u1eabn t\u1ea5m l\u00f2ng.\" \/>\n<meta property=\"og:url\" content=\"https:\/\/test.intlweloveu.org\/vi\/campaign\/\" \/>\n<meta property=\"og:site_name\" content=\"Qu\u1ef9 WeLoveU Qu\u1ed1c t\u1ebf\" \/>\n<meta property=\"article:modified_time\" content=\"2025-10-29T10:45:42+00:00\" \/>\n<meta property=\"og:image\" content=\"https:\/\/test.intlweloveu.org\/wp-content\/uploads\/2025\/10\/thum_WeLoveU_save_the_world_campaign.jpg\" \/>\n\t<meta property=\"og:image:width\" content=\"1200\" \/>\n\t<meta property=\"og:image:height\" content=\"630\" \/>\n\t<meta property=\"og:image:type\" content=\"image\/jpeg\" \/>\n<meta name=\"twitter:card\" content=\"summary_large_image\" \/>\n<meta name=\"twitter:label1\" content=\"\u01af\u1edbc t\u00ednh th\u1eddi gian \u0111\u1ecdc\" \/>\n\t<meta name=\"twitter:data1\" content=\"1 ph\u00fat\" \/>\n<script type=\"application\/ld+json\" class=\"yoast-schema-graph\">{\"@context\":\"https:\/\/schema.org\",\"@graph\":[{\"@type\":\"WebPage\",\"@id\":\"https:\/\/test.intlweloveu.org\/vi\/campaign\/\",\"url\":\"https:\/\/test.intlweloveu.org\/vi\/campaign\/\",\"name\":\"Chi\u1ebfn d\u1ecbch SAVE WORLD - Qu\u1ef9 WeLoveU Qu\u1ed1c t\u1ebf\",\"isPartOf\":{\"@id\":\"https:\/\/test.intlweloveu.org\/ko\/#website\"},\"primaryImageOfPage\":{\"@id\":\"https:\/\/test.intlweloveu.org\/vi\/campaign\/#primaryimage\"},\"image\":{\"@id\":\"https:\/\/test.intlweloveu.org\/vi\/campaign\/#primaryimage\"},\"thumbnailUrl\":\"https:\/\/test.intlweloveu.org\/wp-content\/uploads\/2025\/10\/thum_WeLoveU_save_the_world_campaign.jpg\",\"datePublished\":\"2025-02-12T03:08:20+00:00\",\"dateModified\":\"2025-10-29T10:45:42+00:00\",\"breadcrumb\":{\"@id\":\"https:\/\/test.intlweloveu.org\/vi\/campaign\/#breadcrumb\"},\"inLanguage\":\"vi\",\"potentialAction\":[{\"@type\":\"ReadAction\",\"target\":[\"https:\/\/test.intlweloveu.org\/vi\/campaign\/\"]}]},{\"@type\":\"ImageObject\",\"inLanguage\":\"vi\",\"@id\":\"https:\/\/test.intlweloveu.org\/vi\/campaign\/#primaryimage\",\"url\":\"https:\/\/test.intlweloveu.org\/wp-content\/uploads\/2025\/10\/thum_WeLoveU_save_the_world_campaign.jpg\",\"contentUrl\":\"https:\/\/test.intlweloveu.org\/wp-content\/uploads\/2025\/10\/thum_WeLoveU_save_the_world_campaign.jpg\",\"width\":1200,\"height\":630},{\"@type\":\"BreadcrumbList\",\"@id\":\"https:\/\/test.intlweloveu.org\/vi\/campaign\/#breadcrumb\",\"itemListElement\":[{\"@type\":\"ListItem\",\"position\":1,\"name\":\"\ud648\",\"item\":\"https:\/\/test.intlweloveu.org\/vi\/\"},{\"@type\":\"ListItem\",\"position\":2,\"name\":\"Chi\u1ebfn d\u1ecbch SAVE WORLD\"}]},{\"@type\":\"WebSite\",\"@id\":\"https:\/\/test.intlweloveu.org\/ko\/#website\",\"url\":\"https:\/\/test.intlweloveu.org\/ko\/\",\"name\":\"Qu\u1ef9 WeLoveU Qu\u1ed1c t\u1ebf\",\"description\":\"T\u00ecnh y\u00eau th\u01b0\u01a1ng c\u1ee7a m\u1eb9 \u0111\u01b0\u1ee3c truy\u1ec1n kh\u1eafp th\u1ebf gian\",\"potentialAction\":[{\"@type\":\"SearchAction\",\"target\":{\"@type\":\"EntryPoint\",\"urlTemplate\":\"https:\/\/test.intlweloveu.org\/ko\/?s={search_term_string}\"},\"query-input\":{\"@type\":\"PropertyValueSpecification\",\"valueRequired\":true,\"valueName\":\"search_term_string\"}}],\"inLanguage\":\"vi\"}]}<\/script>\n<!-- \/ Yoast SEO plugin. -->","yoast_head_json":{"title":"Chi\u1ebfn d\u1ecbch SAVE WORLD - Qu\u1ef9 WeLoveU Qu\u1ed1c t\u1ebf","robots":{"index":"index","follow":"follow","max-snippet":"max-snippet:-1","max-image-preview":"max-image-preview:large","max-video-preview":"max-video-preview:-1"},"canonical":"https:\/\/test.intlweloveu.org\/vi\/campaign\/","og_locale":"vi_VN","og_type":"article","og_title":"Chi\u1ebfn d\u1ecbch SAVE WORLD - Qu\u1ef9 WeLoveU Qu\u1ed1c t\u1ebf","og_description":"Tr\u00e1i \u0111\u1ea5t ch\u1ec9 c\u00f3 m\u1ed9t. Nh\u00e2n lo\u1ea1i sinh s\u1ed1ng \u1edf trong n\u01a1i \u0111\u00f3 kh\u00f4ng kh\u00e1c n\u00e0o m\u1ed9t gia \u0111\u00ecnh. Gia \u0111\u00ecnh l\u00e0ng \u0111\u1ecba c\u1ea7u b\u00e2y gi\u1edd \u0111ang ch\u1ecbu kh\u00f3 kh\u0103n b\u1edfi c\u00e1c lo\u1ea1i tai n\u1ea1n k\u1ec3 t\u1eeb bi\u1ebfn \u0111\u1ed5i kh\u00ed h\u1eadu. Qu\u1ef9 WeLoveU Qu\u1ed1c t\u1ebf t\u1ed5 ch\u1ee9c ho\u1ea1t \u0111\u1ed9ng ph\u1ee5ng s\u1ef1 v\u00e0 c\u1ee9u h\u1ed9, chia s\u1ebb t\u00ecnh y\u00eau th\u01b0\u01a1ng \u1ea5m \u00e1p c\u1ee7a m\u1eb9 cho gia \u0111\u00ecnh l\u00e0ng \u0111\u1ecba c\u1ea7u gian kh\u1ed5 c\u1ea3 th\u00e2n th\u1ec3 l\u1eabn t\u1ea5m l\u00f2ng.","og_url":"https:\/\/test.intlweloveu.org\/vi\/campaign\/","og_site_name":"Qu\u1ef9 WeLoveU Qu\u1ed1c t\u1ebf","article_modified_time":"2025-10-29T10:45:42+00:00","og_image":[{"width":1200,"height":630,"url":"https:\/\/test.intlweloveu.org\/wp-content\/uploads\/2025\/10\/thum_WeLoveU_save_the_world_campaign.jpg","type":"image\/jpeg"}],"twitter_card":"summary_large_image","twitter_misc":{"\u01af\u1edbc t\u00ednh th\u1eddi gian \u0111\u1ecdc":"1 ph\u00fat"},"schema":{"@context":"https:\/\/schema.org","@graph":[{"@type":"WebPage","@id":"https:\/\/test.intlweloveu.org\/vi\/campaign\/","url":"https:\/\/test.intlweloveu.org\/vi\/campaign\/","name":"Chi\u1ebfn d\u1ecbch SAVE WORLD - Qu\u1ef9 WeLoveU Qu\u1ed1c t\u1ebf","isPartOf":{"@id":"https:\/\/test.intlweloveu.org\/ko\/#website"},"primaryImageOfPage":{"@id":"https:\/\/test.intlweloveu.org\/vi\/campaign\/#primaryimage"},"image":{"@id":"https:\/\/test.intlweloveu.org\/vi\/campaign\/#primaryimage"},"thumbnailUrl":"https:\/\/test.intlweloveu.org\/wp-content\/uploads\/2025\/10\/thum_WeLoveU_save_the_world_campaign.jpg","datePublished":"2025-02-12T03:08:20+00:00","dateModified":"2025-10-29T10:45:42+00:00","breadcrumb":{"@id":"https:\/\/test.intlweloveu.org\/vi\/campaign\/#breadcrumb"},"inLanguage":"vi","potentialAction":[{"@type":"ReadAction","target":["https:\/\/test.intlweloveu.org\/vi\/campaign\/"]}]},{"@type":"ImageObject","inLanguage":"vi","@id":"https:\/\/test.intlweloveu.org\/vi\/campaign\/#primaryimage","url":"https:\/\/test.intlweloveu.org\/wp-content\/uploads\/2025\/10\/thum_WeLoveU_save_the_world_campaign.jpg","contentUrl":"https:\/\/test.intlweloveu.org\/wp-content\/uploads\/2025\/10\/thum_WeLoveU_save_the_world_campaign.jpg","width":1200,"height":630},{"@type":"BreadcrumbList","@id":"https:\/\/test.intlweloveu.org\/vi\/campaign\/#breadcrumb","itemListElement":[{"@type":"ListItem","position":1,"name":"\ud648","item":"https:\/\/test.intlweloveu.org\/vi\/"},{"@type":"ListItem","position":2,"name":"Chi\u1ebfn d\u1ecbch SAVE WORLD"}]},{"@type":"WebSite","@id":"https:\/\/test.intlweloveu.org\/ko\/#website","url":"https:\/\/test.intlweloveu.org\/ko\/","name":"Qu\u1ef9 WeLoveU Qu\u1ed1c t\u1ebf","description":"T\u00ecnh y\u00eau th\u01b0\u01a1ng c\u1ee7a m\u1eb9 \u0111\u01b0\u1ee3c truy\u1ec1n kh\u1eafp th\u1ebf gian","potentialAction":[{"@type":"SearchAction","target":{"@type":"EntryPoint","urlTemplate":"https:\/\/test.intlweloveu.org\/ko\/?s={search_term_string}"},"query-input":{"@type":"PropertyValueSpecification","valueRequired":true,"valueName":"search_term_string"}}],"inLanguage":"vi"}]}},"_links":{"self":[{"href":"https:\/\/test.intlweloveu.org\/vi\/wp-json\/wp\/v2\/pages\/921","targetHints":{"allow":["GET"]}}],"collection":[{"href":"https:\/\/test.intlweloveu.org\/vi\/wp-json\/wp\/v2\/pages"}],"about":[{"href":"https:\/\/test.intlweloveu.org\/vi\/wp-json\/wp\/v2\/types\/page"}],"author":[{"embeddable":true,"href":"https:\/\/test.intlweloveu.org\/vi\/wp-json\/wp\/v2\/users\/2"}],"replies":[{"embeddable":true,"href":"https:\/\/test.intlweloveu.org\/vi\/wp-json\/wp\/v2\/comments?post=921"}],"version-history":[{"count":1,"href":"https:\/\/test.intlweloveu.org\/vi\/wp-json\/wp\/v2\/pages\/921\/revisions"}],"predecessor-version":[{"id":28801,"href":"https:\/\/test.intlweloveu.org\/vi\/wp-json\/wp\/v2\/pages\/921\/revisions\/28801"}],"wp:featuredmedia":[{"embeddable":true,"href":"https:\/\/test.intlweloveu.org\/vi\/wp-json\/wp\/v2\/media\/28798"}],"wp:attachment":[{"href":"https:\/\/test.intlweloveu.org\/vi\/wp-json\/wp\/v2\/media?parent=921"}],"curies":[{"name":"wp","href":"https:\/\/api.w.org\/{rel}","templated":true}]}}